{"id":71,"date":"2018-10-12T22:32:57","date_gmt":"2018-10-12T20:32:57","guid":{"rendered":"http:\/\/polychrome-edu.fr\/?page_id=71"},"modified":"2024-07-09T11:56:21","modified_gmt":"2024-07-09T09:56:21","slug":"adherer","status":"publish","type":"page","link":"https:\/\/polychrome-edu.fr\/index.php\/adherer\/","title":{"rendered":"ADHERER"},"content":{"rendered":"\t\t<div data-elementor-type=\"wp-post\" data-elementor-id=\"71\" class=\"elementor elementor-71\">\n\t\t\t\t\t\t<section class=\"elementor-section elementor-top-section elementor-element elementor-element-ee3a6c1 elementor-section-boxed elementor-section-height-default elementor-section-height-default\" data-id=\"ee3a6c1\" data-element_type=\"section\" data-e-type=\"section\">\n\t\t\t\t\t\t<div class=\"elementor-container elementor-column-gap-default\">\n\t\t\t\t\t<div class=\"elementor-column elementor-col-100 elementor-top-column elementor-element elementor-element-efc6287\" data-id=\"efc6287\" data-element_type=\"column\" data-e-type=\"column\">\n\t\t\t<div class=\"elementor-widget-wrap elementor-element-populated\">\n\t\t\t\t\t\t<div class=\"elementor-element elementor-element-11edfa3 elementor-widget elementor-widget-heading\" data-id=\"11edfa3\" data-element_type=\"widget\" data-e-type=\"widget\" data-widget_type=\"heading.default\">\n\t\t\t\t<div class=\"elementor-widget-container\">\n\t\t\t\t\t<h2 class=\"elementor-heading-title elementor-size-default\">Pourquoi Adh\u00e9rer ?<\/h2>\t\t\t\t<\/div>\n\t\t\t\t<\/div>\n\t\t\t\t\t<\/div>\n\t\t<\/div>\n\t\t\t\t\t<\/div>\n\t\t<\/section>\n\t\t\t\t<section class=\"elementor-section elementor-top-section elementor-element elementor-element-1d4a8e8 elementor-section-boxed elementor-section-height-default elementor-section-height-default\" data-id=\"1d4a8e8\" data-element_type=\"section\" data-e-type=\"section\">\n\t\t\t\t\t\t<div class=\"elementor-container elementor-column-gap-default\">\n\t\t\t\t\t<div class=\"elementor-column elementor-col-100 elementor-top-column elementor-element elementor-element-099def6\" data-id=\"099def6\" data-element_type=\"column\" data-e-type=\"column\">\n\t\t\t<div class=\"elementor-widget-wrap elementor-element-populated\">\n\t\t\t\t\t\t<div class=\"elementor-element elementor-element-25fde32 elementor-widget elementor-widget-text-editor\" data-id=\"25fde32\" data-element_type=\"widget\" data-e-type=\"widget\" data-widget_type=\"text-editor.default\">\n\t\t\t\t<div class=\"elementor-widget-container\">\n\t\t\t\t\t\t\t\t\t<ul>\n<li>Parce que c&rsquo;est le nombre qui fait la repr\u00e9sentativit\u00e9. Plus on est nombreux, plus on nous \u00e9coute&#8230;<\/li>\n<\/ul>\n<ul>\n<li>Parce que c&rsquo;est bon de signifier \u00e0 ceux qui se d\u00e9vouent qu&rsquo;ils sont soutenus.<\/li>\n<\/ul>\n<ul>\n<li>Parce que vous pourrez ainsi participer aux \u00e9changes et acc\u00e9der \u00e0 des ressources r\u00e9serv\u00e9es aux adh\u00e9rents : forums, groupes de travail, ressourcerie et r\u00e9unions.<\/li>\n<\/ul>\n<ul>\n<li>Parce que l&rsquo;association qui n&rsquo;est constitu\u00e9e que de b\u00e9n\u00e9voles a besoin de vos cotisations pour :<\/li>\n<\/ul>\n<ol>\n<li>Defrayer les coll\u00e8gues qui se d\u00e9placent de loin pour une r\u00e9union de travail, un rendez-vous au minist\u00e8re.<\/li>\n<li>Payer l&rsquo;h\u00e9bergement du site.<\/li>\n<li>R\u00e9gler les petits frais administratifs.<\/li>\n<li>Louer des salles pour se r\u00e9unir car nous sommes de plus en plus nombreux.<\/li>\n<li>R\u00e9mun\u00e9rer certains services ext\u00e9rieurs quand \u00e7a ne peut pas \u00eatre fait par l&rsquo;un de nous.<\/li>\n<li>Et organiser des rencontres artistiques autour de nos pratiques d&rsquo;enseignants, d\u00e9j\u00e0 sous forme de visios (enregistr\u00e9es et r\u00e9serv\u00e9es \u00e0 nos adh\u00e9rents)<\/li>\n<\/ol>\t\t\t\t\t\t\t\t<\/div>\n\t\t\t\t<\/div>\n\t\t\t\t\t<\/div>\n\t\t<\/div>\n\t\t\t\t\t<\/div>\n\t\t<\/section>\n\t\t\t\t<section class=\"elementor-section elementor-top-section elementor-element elementor-element-01fbdc2 elementor-section-boxed elementor-section-height-default elementor-section-height-default\" data-id=\"01fbdc2\" data-element_type=\"section\" data-e-type=\"section\">\n\t\t\t\t\t\t<div class=\"elementor-container elementor-column-gap-default\">\n\t\t\t\t\t<div class=\"elementor-column elementor-col-100 elementor-top-column elementor-element elementor-element-2fece92\" data-id=\"2fece92\" data-element_type=\"column\" data-e-type=\"column\">\n\t\t\t<div class=\"elementor-widget-wrap elementor-element-populated\">\n\t\t\t\t\t\t<div class=\"elementor-element elementor-element-90a8c37 elementor-widget elementor-widget-text-editor\" data-id=\"90a8c37\" data-element_type=\"widget\" data-e-type=\"widget\" data-widget_type=\"text-editor.default\">\n\t\t\t\t<div class=\"elementor-widget-container\">\n\t\t\t\t\t\t\t\t\t<h4><strong>Pour adh\u00e9rer en ligne c&rsquo;est sur <a href=\"http:\/\/polychrome-edu.fr\/index.php\/2021\/09\/12\/adhesion-en-ligne-annee-scolaire\/\" target=\"_blank\" rel=\"noopener\">http:\/\/polychrome-edu.fr\/index.php\/2021\/09\/12\/adhesion-en-ligne-annee-scolaire\/<\/a><\/strong><\/h4>\n<h4><strong><\/strong>ou directement sur<\/h4>\n<h4><strong><a href=\"https:\/\/www.helloasso.com\/associations\/polychrome-edu\/adhesions\/cotisation-d-adhesion-annee-scolaire-2024-2025\" target=\"_blank\" rel=\"noopener\">https:\/\/www.helloasso.com\/associations\/polychrome-edu\/adhesions\/cotisation-d-adhesion-annee-scolaire-2024-2025<\/a><\/strong><\/h4>\t\t\t\t\t\t\t\t<\/div>\n\t\t\t\t<\/div>\n\t\t\t\t\t<\/div>\n\t\t<\/div>\n\t\t\t\t\t<\/div>\n\t\t<\/section>\n\t\t\t\t<\/div>\n\t\t","protected":false},"excerpt":{"rendered":"<p>Pourquoi Adh\u00e9rer ? Parce que c&rsquo;est le nombre qui fait la repr\u00e9sentativit\u00e9. Plus on est nombreux, plus on nous \u00e9coute&#8230; Parce que c&rsquo;est bon de signifier \u00e0 ceux qui se d\u00e9vouent qu&rsquo;ils sont soutenus. Parce que vous pourrez ainsi participer aux \u00e9changes et acc\u00e9der \u00e0 des ressources r\u00e9serv\u00e9es aux adh\u00e9rents : forums, groupes de travail,&nbsp;&hellip;<\/p>\n","protected":false},"author":6,"featured_media":0,"parent":0,"menu_order":0,"comment_status":"closed","ping_status":"closed","template":"","meta":{"footnotes":""},"class_list":["post-71","page","type-page","status-publish","hentry"],"yoast_head":"<!-- This site is optimized with the Yoast SEO plugin v27.3 - https:\/\/yoast.com\/product\/yoast-seo-wordpress\/ -->\n<title>ADHERER - Polychrome-edu<\/title>\n<meta name=\"robots\" content=\"index, follow, max-snippet:-1, max-image-preview:large, max-video-preview:-1\" \/>\n<link rel=\"canonical\" href=\"https:\/\/polychrome-edu.fr\/index.php\/adherer\/\" \/>\n<meta property=\"og:locale\" content=\"fr_FR\" \/>\n<meta property=\"og:type\" content=\"article\" \/>\n<meta property=\"og:title\" content=\"ADHERER - Polychrome-edu\" \/>\n<meta property=\"og:description\" content=\"Pourquoi Adh\u00e9rer ? Parce que c&rsquo;est le nombre qui fait la repr\u00e9sentativit\u00e9. Plus on est nombreux, plus on nous \u00e9coute&#8230; Parce que c&rsquo;est bon de signifier \u00e0 ceux qui se d\u00e9vouent qu&rsquo;ils sont soutenus. Parce que vous pourrez ainsi participer aux \u00e9changes et acc\u00e9der \u00e0 des ressources r\u00e9serv\u00e9es aux adh\u00e9rents : forums, groupes de travail,&nbsp;&hellip;\" \/>\n<meta property=\"og:url\" content=\"https:\/\/polychrome-edu.fr\/index.php\/adherer\/\" \/>\n<meta property=\"og:site_name\" content=\"Polychrome-edu\" \/>\n<meta property=\"article:publisher\" content=\"https:\/\/www.facebook.com\/Polychrome-edufr-200275759992220\/\" \/>\n<meta property=\"article:modified_time\" content=\"2024-07-09T09:56:21+00:00\" \/>\n<meta name=\"twitter:card\" content=\"summary_large_image\" \/>\n<meta name=\"twitter:label1\" content=\"Dur\u00e9e de lecture estim\u00e9e\" \/>\n\t<meta name=\"twitter:data1\" content=\"1 minute\" \/>\n<script type=\"application\/ld+json\" class=\"yoast-schema-graph\">{\"@context\":\"https:\\\/\\\/schema.org\",\"@graph\":[{\"@type\":\"WebPage\",\"@id\":\"https:\\\/\\\/polychrome-edu.fr\\\/index.php\\\/adherer\\\/\",\"url\":\"https:\\\/\\\/polychrome-edu.fr\\\/index.php\\\/adherer\\\/\",\"name\":\"ADHERER - Polychrome-edu\",\"isPartOf\":{\"@id\":\"https:\\\/\\\/polychrome-edu.fr\\\/#website\"},\"datePublished\":\"2018-10-12T20:32:57+00:00\",\"dateModified\":\"2024-07-09T09:56:21+00:00\",\"breadcrumb\":{\"@id\":\"https:\\\/\\\/polychrome-edu.fr\\\/index.php\\\/adherer\\\/#breadcrumb\"},\"inLanguage\":\"fr-FR\",\"potentialAction\":[{\"@type\":\"ReadAction\",\"target\":[\"https:\\\/\\\/polychrome-edu.fr\\\/index.php\\\/adherer\\\/\"]}]},{\"@type\":\"BreadcrumbList\",\"@id\":\"https:\\\/\\\/polychrome-edu.fr\\\/index.php\\\/adherer\\\/#breadcrumb\",\"itemListElement\":[{\"@type\":\"ListItem\",\"position\":1,\"name\":\"Accueil\",\"item\":\"https:\\\/\\\/polychrome-edu.fr\\\/\"},{\"@type\":\"ListItem\",\"position\":2,\"name\":\"ADHERER\"}]},{\"@type\":\"WebSite\",\"@id\":\"https:\\\/\\\/polychrome-edu.fr\\\/#website\",\"url\":\"https:\\\/\\\/polychrome-edu.fr\\\/\",\"name\":\"Polychrome-edu\",\"description\":\"L&#039;Association nationale des professeurs d&#039;arts plastiques\",\"publisher\":{\"@id\":\"https:\\\/\\\/polychrome-edu.fr\\\/#organization\"},\"potentialAction\":[{\"@type\":\"SearchAction\",\"target\":{\"@type\":\"EntryPoint\",\"urlTemplate\":\"https:\\\/\\\/polychrome-edu.fr\\\/?s={search_term_string}\"},\"query-input\":{\"@type\":\"PropertyValueSpecification\",\"valueRequired\":true,\"valueName\":\"search_term_string\"}}],\"inLanguage\":\"fr-FR\"},{\"@type\":\"Organization\",\"@id\":\"https:\\\/\\\/polychrome-edu.fr\\\/#organization\",\"name\":\"Polychrome-edu\",\"url\":\"https:\\\/\\\/polychrome-edu.fr\\\/\",\"logo\":{\"@type\":\"ImageObject\",\"inLanguage\":\"fr-FR\",\"@id\":\"https:\\\/\\\/polychrome-edu.fr\\\/#\\\/schema\\\/logo\\\/image\\\/\",\"url\":\"https:\\\/\\\/polychrome-edu.fr\\\/wp-content\\\/uploads\\\/2018\\\/10\\\/cropped-LOGO-TEXTE-NOIR-e1540477061508.png\",\"contentUrl\":\"https:\\\/\\\/polychrome-edu.fr\\\/wp-content\\\/uploads\\\/2018\\\/10\\\/cropped-LOGO-TEXTE-NOIR-e1540477061508.png\",\"width\":744,\"height\":347,\"caption\":\"Polychrome-edu\"},\"image\":{\"@id\":\"https:\\\/\\\/polychrome-edu.fr\\\/#\\\/schema\\\/logo\\\/image\\\/\"},\"sameAs\":[\"https:\\\/\\\/www.facebook.com\\\/Polychrome-edufr-200275759992220\\\/\"]}]}<\/script>\n<!-- \/ Yoast SEO plugin. -->","yoast_head_json":{"title":"ADHERER - Polychrome-edu","robots":{"index":"index","follow":"follow","max-snippet":"max-snippet:-1","max-image-preview":"max-image-preview:large","max-video-preview":"max-video-preview:-1"},"canonical":"https:\/\/polychrome-edu.fr\/index.php\/adherer\/","og_locale":"fr_FR","og_type":"article","og_title":"ADHERER - Polychrome-edu","og_description":"Pourquoi Adh\u00e9rer ? Parce que c&rsquo;est le nombre qui fait la repr\u00e9sentativit\u00e9. Plus on est nombreux, plus on nous \u00e9coute&#8230; Parce que c&rsquo;est bon de signifier \u00e0 ceux qui se d\u00e9vouent qu&rsquo;ils sont soutenus. Parce que vous pourrez ainsi participer aux \u00e9changes et acc\u00e9der \u00e0 des ressources r\u00e9serv\u00e9es aux adh\u00e9rents : forums, groupes de travail,&nbsp;&hellip;","og_url":"https:\/\/polychrome-edu.fr\/index.php\/adherer\/","og_site_name":"Polychrome-edu","article_publisher":"https:\/\/www.facebook.com\/Polychrome-edufr-200275759992220\/","article_modified_time":"2024-07-09T09:56:21+00:00","twitter_card":"summary_large_image","twitter_misc":{"Dur\u00e9e de lecture estim\u00e9e":"1 minute"},"schema":{"@context":"https:\/\/schema.org","@graph":[{"@type":"WebPage","@id":"https:\/\/polychrome-edu.fr\/index.php\/adherer\/","url":"https:\/\/polychrome-edu.fr\/index.php\/adherer\/","name":"ADHERER - Polychrome-edu","isPartOf":{"@id":"https:\/\/polychrome-edu.fr\/#website"},"datePublished":"2018-10-12T20:32:57+00:00","dateModified":"2024-07-09T09:56:21+00:00","breadcrumb":{"@id":"https:\/\/polychrome-edu.fr\/index.php\/adherer\/#breadcrumb"},"inLanguage":"fr-FR","potentialAction":[{"@type":"ReadAction","target":["https:\/\/polychrome-edu.fr\/index.php\/adherer\/"]}]},{"@type":"BreadcrumbList","@id":"https:\/\/polychrome-edu.fr\/index.php\/adherer\/#breadcrumb","itemListElement":[{"@type":"ListItem","position":1,"name":"Accueil","item":"https:\/\/polychrome-edu.fr\/"},{"@type":"ListItem","position":2,"name":"ADHERER"}]},{"@type":"WebSite","@id":"https:\/\/polychrome-edu.fr\/#website","url":"https:\/\/polychrome-edu.fr\/","name":"Polychrome-edu","description":"L&#039;Association nationale des professeurs d&#039;arts plastiques","publisher":{"@id":"https:\/\/polychrome-edu.fr\/#organization"},"potentialAction":[{"@type":"SearchAction","target":{"@type":"EntryPoint","urlTemplate":"https:\/\/polychrome-edu.fr\/?s={search_term_string}"},"query-input":{"@type":"PropertyValueSpecification","valueRequired":true,"valueName":"search_term_string"}}],"inLanguage":"fr-FR"},{"@type":"Organization","@id":"https:\/\/polychrome-edu.fr\/#organization","name":"Polychrome-edu","url":"https:\/\/polychrome-edu.fr\/","logo":{"@type":"ImageObject","inLanguage":"fr-FR","@id":"https:\/\/polychrome-edu.fr\/#\/schema\/logo\/image\/","url":"https:\/\/polychrome-edu.fr\/wp-content\/uploads\/2018\/10\/cropped-LOGO-TEXTE-NOIR-e1540477061508.png","contentUrl":"https:\/\/polychrome-edu.fr\/wp-content\/uploads\/2018\/10\/cropped-LOGO-TEXTE-NOIR-e1540477061508.png","width":744,"height":347,"caption":"Polychrome-edu"},"image":{"@id":"https:\/\/polychrome-edu.fr\/#\/schema\/logo\/image\/"},"sameAs":["https:\/\/www.facebook.com\/Polychrome-edufr-200275759992220\/"]}]}},"_links":{"self":[{"href":"https:\/\/polychrome-edu.fr\/index.php\/wp-json\/wp\/v2\/pages\/71","targetHints":{"allow":["GET"]}}],"collection":[{"href":"https:\/\/polychrome-edu.fr\/index.php\/wp-json\/wp\/v2\/pages"}],"about":[{"href":"https:\/\/polychrome-edu.fr\/index.php\/wp-json\/wp\/v2\/types\/page"}],"author":[{"embeddable":true,"href":"https:\/\/polychrome-edu.fr\/index.php\/wp-json\/wp\/v2\/users\/6"}],"replies":[{"embeddable":true,"href":"https:\/\/polychrome-edu.fr\/index.php\/wp-json\/wp\/v2\/comments?post=71"}],"version-history":[{"count":44,"href":"https:\/\/polychrome-edu.fr\/index.php\/wp-json\/wp\/v2\/pages\/71\/revisions"}],"predecessor-version":[{"id":1989,"href":"https:\/\/polychrome-edu.fr\/index.php\/wp-json\/wp\/v2\/pages\/71\/revisions\/1989"}],"wp:attachment":[{"href":"https:\/\/polychrome-edu.fr\/index.php\/wp-json\/wp\/v2\/media?parent=71"}],"curies":[{"name":"wp","href":"https:\/\/api.w.org\/{rel}","templated":true}]}}