{"id":625,"date":"2018-11-18T14:34:04","date_gmt":"2018-11-18T13:34:04","guid":{"rendered":"http:\/\/polychrome-edu.fr\/?page_id=625"},"modified":"2020-08-22T19:32:55","modified_gmt":"2020-08-22T17:32:55","slug":"temoignages","status":"publish","type":"page","link":"https:\/\/polychrome-edu.fr\/index.php\/temoignages\/","title":{"rendered":"TEMOIGNAGES"},"content":{"rendered":"\t\t<div data-elementor-type=\"wp-post\" data-elementor-id=\"625\" class=\"elementor elementor-625\">\n\t\t\t\t\t\t<section class=\"elementor-section elementor-top-section elementor-element elementor-element-6c47e26 elementor-section-boxed elementor-section-height-default elementor-section-height-default\" data-id=\"6c47e26\" data-element_type=\"section\" data-e-type=\"section\">\n\t\t\t\t\t\t<div class=\"elementor-container elementor-column-gap-default\">\n\t\t\t\t\t<div class=\"elementor-column elementor-col-100 elementor-top-column elementor-element elementor-element-e267e2c\" data-id=\"e267e2c\" data-element_type=\"column\" data-e-type=\"column\">\n\t\t\t<div class=\"elementor-widget-wrap elementor-element-populated\">\n\t\t\t\t\t\t<div class=\"elementor-element elementor-element-f76cf6f elementor-widget elementor-widget-html\" data-id=\"f76cf6f\" data-element_type=\"widget\" data-e-type=\"widget\" data-widget_type=\"html.default\">\n\t\t\t\t<div class=\"elementor-widget-container\">\n\t\t\t\t\t<iframe allowfullscreen=\"\" frameborder=\"0\" height=\"600\" marginheight=\"0\" marginwidth=\"0\" src=\"https:\/\/polychrome-edu.netboard.me\/temoignages\/?embed=true\" width=\"100%\"><\/iframe>\t\t\t\t<\/div>\n\t\t\t\t<\/div>\n\t\t\t\t\t<\/div>\n\t\t<\/div>\n\t\t\t\t\t<\/div>\n\t\t<\/section>\n\t\t\t\t<section class=\"elementor-section elementor-top-section elementor-element elementor-element-2f67824 elementor-section-boxed elementor-section-height-default elementor-section-height-default\" data-id=\"2f67824\" data-element_type=\"section\" data-e-type=\"section\">\n\t\t\t\t\t\t<div class=\"elementor-container elementor-column-gap-default\">\n\t\t\t\t\t<div class=\"elementor-column elementor-col-100 elementor-top-column elementor-element elementor-element-85b8be5\" data-id=\"85b8be5\" data-element_type=\"column\" data-e-type=\"column\">\n\t\t\t<div class=\"elementor-widget-wrap elementor-element-populated\">\n\t\t\t\t\t\t<div class=\"elementor-element elementor-element-36761e9 elementor-widget elementor-widget-testimonial\" data-id=\"36761e9\" data-element_type=\"widget\" data-e-type=\"widget\" data-widget_type=\"testimonial.default\">\n\t\t\t\t<div class=\"elementor-widget-container\">\n\t\t\t\t\t\t\t<div class=\"elementor-testimonial-wrapper\">\n\t\t\t\t\t\t\t<div class=\"elementor-testimonial-content\"><span style=\"text-align: start;white-space: normal;font-family: ArialMT;font-size: 14px\">Le lyc\u00e9e Mounier de Grenoble est en alerte rouge, il risque de perdre sa sp\u00e9cialit\u00e9 arts plastiques<\/span><\/div>\n\t\t\t\n\t\t\t\t\t\t<div class=\"elementor-testimonial-meta elementor-has-image elementor-testimonial-image-position-aside\">\n\t\t\t\t<div class=\"elementor-testimonial-meta-inner\">\n\t\t\t\t\t\t\t\t\t\t\t<div class=\"elementor-testimonial-image\">\n\t\t\t\t\t\t\t<img decoding=\"async\" width=\"150\" height=\"150\" src=\"https:\/\/polychrome-edu.fr\/wp-content\/uploads\/2018\/11\/Capture-d\u2019\u00e9cran-2018-11-18-\u00e0-14.31.39-150x150.png\" class=\"attachment-thumbnail size-thumbnail wp-image-626\" alt=\"\" \/>\t\t\t\t\t\t<\/div>\n\t\t\t\t\t\n\t\t\t\t\t\t\t\t\t\t<div class=\"elementor-testimonial-details\">\n\t\t\t\t\t\t\t\t\t\t\t\t\t\t<div class=\"elementor-testimonial-name\">M\u00e9lanie<\/div>\n\t\t\t\t\t\t\t\t\t\t\t\t\t\t\t\t\t\t\t\t\t\t<div class=\"elementor-testimonial-job\">Enseignante<\/div>\n\t\t\t\t\t\t\t\t\t\t\t\t\t<\/div>\n\t\t\t\t\t\t\t\t\t<\/div>\n\t\t\t<\/div>\n\t\t\t\t\t<\/div>\n\t\t\t\t\t\t<\/div>\n\t\t\t\t<\/div>\n\t\t\t\t\t<\/div>\n\t\t<\/div>\n\t\t\t\t\t<\/div>\n\t\t<\/section>\n\t\t\t\t<section class=\"elementor-section elementor-top-section elementor-element elementor-element-91bbf3f elementor-section-boxed elementor-section-height-default elementor-section-height-default\" data-id=\"91bbf3f\" data-element_type=\"section\" data-e-type=\"section\">\n\t\t\t\t\t\t<div class=\"elementor-container elementor-column-gap-default\">\n\t\t\t\t\t<div class=\"elementor-column elementor-col-100 elementor-top-column elementor-element elementor-element-7dc5542\" data-id=\"7dc5542\" data-element_type=\"column\" data-e-type=\"column\">\n\t\t\t<div class=\"elementor-widget-wrap elementor-element-populated\">\n\t\t\t\t\t\t<div class=\"elementor-element elementor-element-f772bd7 elementor-widget elementor-widget-testimonial\" data-id=\"f772bd7\" data-element_type=\"widget\" data-e-type=\"widget\" data-widget_type=\"testimonial.default\">\n\t\t\t\t<div class=\"elementor-widget-container\">\n\t\t\t\t\t\t\t<div class=\"elementor-testimonial-wrapper\">\n\t\t\t\t\t\t\t<div class=\"elementor-testimonial-content\"><p style=\"margin-bottom: 0px;font-size: 14px;line-height: normal;font-family: Arial\"><span>\u00ab Je viens d'apprendre, presque par hasard, que la sp\u00e9cialit\u00e9 Arts Plastiques de mon lyc\u00e9e \"Essouriau\" Essonne, \u00e9tait supprim\u00e9e d'un trait de plume.<\/span><\/p>\n<p style=\"margin-bottom: 0px;font-size: 14px;line-height: normal;font-family: Arial\"><span>La sp\u00e9cialit\u00e9 existe depuis <b>plus<\/b> de 35 ans ; j'y enseigne depuis 1989 ; c'est un lyc\u00e9e de banlieue, longtemps class\u00e9 en ZEP.<\/span><\/p>\n<p style=\"margin-bottom: 0px;font-size: 14px;line-height: normal;font-family: Arial\"><span>La culture et l'art y ont eu une place cruciale pendant des ann\u00e9es, drainant des \u00e9l\u00e8ves vari\u00e9s, les raccrochant souvent&nbsp; \u00e0 la scolarit\u00e9 et les pr\u00e9parant aussi \u00e0 des parcours professionnels artistiques et souvent d'excellence.<\/span><\/p>\n<p style=\"margin-bottom: 0px;font-size: 14px;line-height: normal;font-family: Arial\"><span>ceci est d'autant plus absurde, que dans l' Essonne, les Ulis sont \u00e0 l'ouest du d\u00e9partement et l'\u00e9quilibrage d\u00e9partemental fonctionnait correctement : Corbeil-Montgeron-Savigny- Ste Genevi\u00e8ve- Les Ulis...Avec cette mesure inique et unilat\u00e9rale, toutes les options de sp\u00e9cialit\u00e9 sont \u00e0 l'est du 91.....<\/span><\/p>\n<p style=\"font-size: 14px;line-height: normal;font-family: Arial\"><span>Les r\u00e9sultats aux examens \u00e9taient toujours largement dans les moyennes acad\u00e9miques.....et les effectifs en hausse moyenne, pendant des ann\u00e9es.\u00bb<\/span><span style=\"font-family: Arial, sans-serif;font-size: 1px\"><\/span><\/p><\/div>\n\t\t\t\n\t\t\t\t\t\t<div class=\"elementor-testimonial-meta elementor-has-image elementor-testimonial-image-position-aside\">\n\t\t\t\t<div class=\"elementor-testimonial-meta-inner\">\n\t\t\t\t\t\t\t\t\t\t\t<div class=\"elementor-testimonial-image\">\n\t\t\t\t\t\t\t<img decoding=\"async\" width=\"143\" height=\"150\" src=\"https:\/\/polychrome-edu.fr\/wp-content\/uploads\/2018\/11\/Capture-d\u2019\u00e9cran-2018-11-18-\u00e0-14.41.24-143x150.png\" class=\"attachment-thumbnail size-thumbnail wp-image-629\" alt=\"\" \/>\t\t\t\t\t\t<\/div>\n\t\t\t\t\t\n\t\t\t\t\t\t\t\t\t\t<div class=\"elementor-testimonial-details\">\n\t\t\t\t\t\t\t\t\t\t\t\t\t\t<div class=\"elementor-testimonial-name\">Olivier<\/div>\n\t\t\t\t\t\t\t\t\t\t\t\t\t\t\t\t\t\t\t\t\t\t<div class=\"elementor-testimonial-job\">Enseignant<\/div>\n\t\t\t\t\t\t\t\t\t\t\t\t\t<\/div>\n\t\t\t\t\t\t\t\t\t<\/div>\n\t\t\t<\/div>\n\t\t\t\t\t<\/div>\n\t\t\t\t\t\t<\/div>\n\t\t\t\t<\/div>\n\t\t\t\t\t<\/div>\n\t\t<\/div>\n\t\t\t\t\t<\/div>\n\t\t<\/section>\n\t\t\t\t<\/div>\n\t\t","protected":false},"excerpt":{"rendered":"<p>Le lyc\u00e9e Mounier de Grenoble est en alerte rouge, il risque de perdre sa sp\u00e9cialit\u00e9 arts plastiques M\u00e9lanie Enseignante \u00ab Je viens d&rsquo;apprendre, presque par hasard, que la sp\u00e9cialit\u00e9 Arts Plastiques de mon lyc\u00e9e \u00ab\u00a0Essouriau\u00a0\u00bb Essonne, \u00e9tait supprim\u00e9e d&rsquo;un trait de plume. La sp\u00e9cialit\u00e9 existe depuis plus de 35 ans ; j&rsquo;y enseigne depuis 1989&nbsp;&hellip;<\/p>\n","protected":false},"author":6,"featured_media":0,"parent":0,"menu_order":0,"comment_status":"closed","ping_status":"closed","template":"","meta":{"footnotes":""},"class_list":["post-625","page","type-page","status-publish","hentry"],"yoast_head":"<!-- This site is optimized with the Yoast SEO plugin v27.4 - https:\/\/yoast.com\/product\/yoast-seo-wordpress\/ -->\n<title>TEMOIGNAGES - Polychrome-edu<\/title>\n<meta name=\"robots\" content=\"index, follow, max-snippet:-1, max-image-preview:large, max-video-preview:-1\" \/>\n<link rel=\"canonical\" href=\"https:\/\/polychrome-edu.fr\/index.php\/temoignages\/\" \/>\n<meta property=\"og:locale\" content=\"fr_FR\" \/>\n<meta property=\"og:type\" content=\"article\" \/>\n<meta property=\"og:title\" content=\"TEMOIGNAGES - Polychrome-edu\" \/>\n<meta property=\"og:description\" content=\"Le lyc\u00e9e Mounier de Grenoble est en alerte rouge, il risque de perdre sa sp\u00e9cialit\u00e9 arts plastiques M\u00e9lanie Enseignante \u00ab Je viens d&rsquo;apprendre, presque par hasard, que la sp\u00e9cialit\u00e9 Arts Plastiques de mon lyc\u00e9e \u00ab\u00a0Essouriau\u00a0\u00bb Essonne, \u00e9tait supprim\u00e9e d&rsquo;un trait de plume. La sp\u00e9cialit\u00e9 existe depuis plus de 35 ans ; j&rsquo;y enseigne depuis 1989&nbsp;&hellip;\" \/>\n<meta property=\"og:url\" content=\"https:\/\/polychrome-edu.fr\/index.php\/temoignages\/\" \/>\n<meta property=\"og:site_name\" content=\"Polychrome-edu\" \/>\n<meta property=\"article:publisher\" content=\"https:\/\/www.facebook.com\/Polychrome-edufr-200275759992220\/\" \/>\n<meta property=\"article:modified_time\" content=\"2020-08-22T17:32:55+00:00\" \/>\n<meta name=\"twitter:card\" content=\"summary_large_image\" \/>\n<meta name=\"twitter:label1\" content=\"Dur\u00e9e de lecture estim\u00e9e\" \/>\n\t<meta name=\"twitter:data1\" content=\"1 minute\" \/>\n<script type=\"application\/ld+json\" class=\"yoast-schema-graph\">{\"@context\":\"https:\\\/\\\/schema.org\",\"@graph\":[{\"@type\":\"WebPage\",\"@id\":\"https:\\\/\\\/polychrome-edu.fr\\\/index.php\\\/temoignages\\\/\",\"url\":\"https:\\\/\\\/polychrome-edu.fr\\\/index.php\\\/temoignages\\\/\",\"name\":\"TEMOIGNAGES - Polychrome-edu\",\"isPartOf\":{\"@id\":\"https:\\\/\\\/polychrome-edu.fr\\\/#website\"},\"datePublished\":\"2018-11-18T13:34:04+00:00\",\"dateModified\":\"2020-08-22T17:32:55+00:00\",\"breadcrumb\":{\"@id\":\"https:\\\/\\\/polychrome-edu.fr\\\/index.php\\\/temoignages\\\/#breadcrumb\"},\"inLanguage\":\"fr-FR\",\"potentialAction\":[{\"@type\":\"ReadAction\",\"target\":[\"https:\\\/\\\/polychrome-edu.fr\\\/index.php\\\/temoignages\\\/\"]}]},{\"@type\":\"BreadcrumbList\",\"@id\":\"https:\\\/\\\/polychrome-edu.fr\\\/index.php\\\/temoignages\\\/#breadcrumb\",\"itemListElement\":[{\"@type\":\"ListItem\",\"position\":1,\"name\":\"Accueil\",\"item\":\"https:\\\/\\\/polychrome-edu.fr\\\/\"},{\"@type\":\"ListItem\",\"position\":2,\"name\":\"TEMOIGNAGES\"}]},{\"@type\":\"WebSite\",\"@id\":\"https:\\\/\\\/polychrome-edu.fr\\\/#website\",\"url\":\"https:\\\/\\\/polychrome-edu.fr\\\/\",\"name\":\"Polychrome-edu\",\"description\":\"L&#039;Association nationale des professeurs d&#039;arts plastiques\",\"publisher\":{\"@id\":\"https:\\\/\\\/polychrome-edu.fr\\\/#organization\"},\"potentialAction\":[{\"@type\":\"SearchAction\",\"target\":{\"@type\":\"EntryPoint\",\"urlTemplate\":\"https:\\\/\\\/polychrome-edu.fr\\\/?s={search_term_string}\"},\"query-input\":{\"@type\":\"PropertyValueSpecification\",\"valueRequired\":true,\"valueName\":\"search_term_string\"}}],\"inLanguage\":\"fr-FR\"},{\"@type\":\"Organization\",\"@id\":\"https:\\\/\\\/polychrome-edu.fr\\\/#organization\",\"name\":\"Polychrome-edu\",\"url\":\"https:\\\/\\\/polychrome-edu.fr\\\/\",\"logo\":{\"@type\":\"ImageObject\",\"inLanguage\":\"fr-FR\",\"@id\":\"https:\\\/\\\/polychrome-edu.fr\\\/#\\\/schema\\\/logo\\\/image\\\/\",\"url\":\"https:\\\/\\\/polychrome-edu.fr\\\/wp-content\\\/uploads\\\/2018\\\/10\\\/cropped-LOGO-TEXTE-NOIR-e1540477061508.png\",\"contentUrl\":\"https:\\\/\\\/polychrome-edu.fr\\\/wp-content\\\/uploads\\\/2018\\\/10\\\/cropped-LOGO-TEXTE-NOIR-e1540477061508.png\",\"width\":744,\"height\":347,\"caption\":\"Polychrome-edu\"},\"image\":{\"@id\":\"https:\\\/\\\/polychrome-edu.fr\\\/#\\\/schema\\\/logo\\\/image\\\/\"},\"sameAs\":[\"https:\\\/\\\/www.facebook.com\\\/Polychrome-edufr-200275759992220\\\/\"]}]}<\/script>\n<!-- \/ Yoast SEO plugin. -->","yoast_head_json":{"title":"TEMOIGNAGES - Polychrome-edu","robots":{"index":"index","follow":"follow","max-snippet":"max-snippet:-1","max-image-preview":"max-image-preview:large","max-video-preview":"max-video-preview:-1"},"canonical":"https:\/\/polychrome-edu.fr\/index.php\/temoignages\/","og_locale":"fr_FR","og_type":"article","og_title":"TEMOIGNAGES - Polychrome-edu","og_description":"Le lyc\u00e9e Mounier de Grenoble est en alerte rouge, il risque de perdre sa sp\u00e9cialit\u00e9 arts plastiques M\u00e9lanie Enseignante \u00ab Je viens d&rsquo;apprendre, presque par hasard, que la sp\u00e9cialit\u00e9 Arts Plastiques de mon lyc\u00e9e \u00ab\u00a0Essouriau\u00a0\u00bb Essonne, \u00e9tait supprim\u00e9e d&rsquo;un trait de plume. La sp\u00e9cialit\u00e9 existe depuis plus de 35 ans ; j&rsquo;y enseigne depuis 1989&nbsp;&hellip;","og_url":"https:\/\/polychrome-edu.fr\/index.php\/temoignages\/","og_site_name":"Polychrome-edu","article_publisher":"https:\/\/www.facebook.com\/Polychrome-edufr-200275759992220\/","article_modified_time":"2020-08-22T17:32:55+00:00","twitter_card":"summary_large_image","twitter_misc":{"Dur\u00e9e de lecture estim\u00e9e":"1 minute"},"schema":{"@context":"https:\/\/schema.org","@graph":[{"@type":"WebPage","@id":"https:\/\/polychrome-edu.fr\/index.php\/temoignages\/","url":"https:\/\/polychrome-edu.fr\/index.php\/temoignages\/","name":"TEMOIGNAGES - Polychrome-edu","isPartOf":{"@id":"https:\/\/polychrome-edu.fr\/#website"},"datePublished":"2018-11-18T13:34:04+00:00","dateModified":"2020-08-22T17:32:55+00:00","breadcrumb":{"@id":"https:\/\/polychrome-edu.fr\/index.php\/temoignages\/#breadcrumb"},"inLanguage":"fr-FR","potentialAction":[{"@type":"ReadAction","target":["https:\/\/polychrome-edu.fr\/index.php\/temoignages\/"]}]},{"@type":"BreadcrumbList","@id":"https:\/\/polychrome-edu.fr\/index.php\/temoignages\/#breadcrumb","itemListElement":[{"@type":"ListItem","position":1,"name":"Accueil","item":"https:\/\/polychrome-edu.fr\/"},{"@type":"ListItem","position":2,"name":"TEMOIGNAGES"}]},{"@type":"WebSite","@id":"https:\/\/polychrome-edu.fr\/#website","url":"https:\/\/polychrome-edu.fr\/","name":"Polychrome-edu","description":"L&#039;Association nationale des professeurs d&#039;arts plastiques","publisher":{"@id":"https:\/\/polychrome-edu.fr\/#organization"},"potentialAction":[{"@type":"SearchAction","target":{"@type":"EntryPoint","urlTemplate":"https:\/\/polychrome-edu.fr\/?s={search_term_string}"},"query-input":{"@type":"PropertyValueSpecification","valueRequired":true,"valueName":"search_term_string"}}],"inLanguage":"fr-FR"},{"@type":"Organization","@id":"https:\/\/polychrome-edu.fr\/#organization","name":"Polychrome-edu","url":"https:\/\/polychrome-edu.fr\/","logo":{"@type":"ImageObject","inLanguage":"fr-FR","@id":"https:\/\/polychrome-edu.fr\/#\/schema\/logo\/image\/","url":"https:\/\/polychrome-edu.fr\/wp-content\/uploads\/2018\/10\/cropped-LOGO-TEXTE-NOIR-e1540477061508.png","contentUrl":"https:\/\/polychrome-edu.fr\/wp-content\/uploads\/2018\/10\/cropped-LOGO-TEXTE-NOIR-e1540477061508.png","width":744,"height":347,"caption":"Polychrome-edu"},"image":{"@id":"https:\/\/polychrome-edu.fr\/#\/schema\/logo\/image\/"},"sameAs":["https:\/\/www.facebook.com\/Polychrome-edufr-200275759992220\/"]}]}},"_links":{"self":[{"href":"https:\/\/polychrome-edu.fr\/index.php\/wp-json\/wp\/v2\/pages\/625","targetHints":{"allow":["GET"]}}],"collection":[{"href":"https:\/\/polychrome-edu.fr\/index.php\/wp-json\/wp\/v2\/pages"}],"about":[{"href":"https:\/\/polychrome-edu.fr\/index.php\/wp-json\/wp\/v2\/types\/page"}],"author":[{"embeddable":true,"href":"https:\/\/polychrome-edu.fr\/index.php\/wp-json\/wp\/v2\/users\/6"}],"replies":[{"embeddable":true,"href":"https:\/\/polychrome-edu.fr\/index.php\/wp-json\/wp\/v2\/comments?post=625"}],"version-history":[{"count":9,"href":"https:\/\/polychrome-edu.fr\/index.php\/wp-json\/wp\/v2\/pages\/625\/revisions"}],"predecessor-version":[{"id":1257,"href":"https:\/\/polychrome-edu.fr\/index.php\/wp-json\/wp\/v2\/pages\/625\/revisions\/1257"}],"wp:attachment":[{"href":"https:\/\/polychrome-edu.fr\/index.php\/wp-json\/wp\/v2\/media?parent=625"}],"curies":[{"name":"wp","href":"https:\/\/api.w.org\/{rel}","templated":true}]}}