{"id":4,"date":"2018-10-08T19:59:08","date_gmt":"2018-10-08T17:59:08","guid":{"rendered":"http:\/\/polychrome-edu.fr\/index.php\/activites-du-site\/"},"modified":"2024-07-11T10:29:35","modified_gmt":"2024-07-11T08:29:35","slug":"ressources","status":"publish","type":"page","link":"https:\/\/polychrome-edu.fr\/index.php\/ressources\/","title":{"rendered":"RESSOURCES"},"content":{"rendered":"\t\t<div data-elementor-type=\"wp-post\" data-elementor-id=\"4\" class=\"elementor elementor-4\">\n\t\t\t\t\t\t<section class=\"elementor-section elementor-top-section elementor-element elementor-element-ce7d111 elementor-section-boxed elementor-section-height-default elementor-section-height-default\" data-id=\"ce7d111\" data-element_type=\"section\" data-e-type=\"section\">\n\t\t\t\t\t\t<div class=\"elementor-container elementor-column-gap-default\">\n\t\t\t\t\t<div class=\"elementor-column elementor-col-100 elementor-top-column elementor-element elementor-element-ab27ed1\" data-id=\"ab27ed1\" data-element_type=\"column\" data-e-type=\"column\">\n\t\t\t<div class=\"elementor-widget-wrap elementor-element-populated\">\n\t\t\t\t\t\t<div class=\"elementor-element elementor-element-437329a elementor-widget elementor-widget-text-editor\" data-id=\"437329a\" data-element_type=\"widget\" data-e-type=\"widget\" data-widget_type=\"text-editor.default\">\n\t\t\t\t<div class=\"elementor-widget-container\">\n\t\t\t\t\t\t\t\t\t<h4 style=\"text-align: center;\"><span style=\"color: #000000;\">Depuis plusieurs ann\u00e9es nous partageons des ressources p\u00e9dagogiques au hasard des envies de chacun et en toute bienveillance. Parce que partager c&rsquo;est stimulant, formateur et \u00e7a fait gagner du temps. \u00a0Enfin pas toujours !&#8230;<\/span><\/h4><h4 style=\"text-align: center;\"><span style=\"color: #000000;\">Pendant un temps les ressources furent h\u00e9berg\u00e9es sur via\u00e9duc.fr, une application de l&rsquo;\u00e9ducation nationale \u00e0 usage des enseignants. Et depuis peu nous sommes pass\u00e9s sur Padlet qui nous semble plus l\u00e9ger et plus souple \u00e0 g\u00e9rer. Donc, oui ! vous allez devoir vous cr\u00e9er un \u00e9ni\u00e8me compte avec l&rsquo;adresse mail que vous nous avez transmise lors de votre adh\u00e9sion \u00e0 Polychrome-Edu. Et si vous avez montr\u00e9 patte blanche (\u00eatre \u00e0 jour de votre adh\u00e9sion) enfin le padlet \u00ab\u00a0Ressourcerie\u00a0\u00bb se r\u00e9v\u00e8lera \u00e0 vous.\u00a0<\/span><\/h4><h4 style=\"text-align: center;\"><span style=\"color: #000000;\">Vous devez juste avoir un compte padlet (gratuit) :<\/span> <\/h4><h4 style=\"text-align: center;\"><a href=\"https:\/\/definir-tech.com\/info\/8228\/comment-creer-un-compte-padlet\" target=\"_blank\" rel=\"noopener\"><span style=\"color: #ff00ff;\">https:\/\/definir-tech.com\/info\/8228\/comment-creer-un-compte-padlet<\/span><\/a><\/h4><h4 style=\"text-align: center;\">\u00a0<br \/><span style=\"color: #000000;\">Une premi\u00e8re connexion en rejoignant la ressourcerie suffira pour la retrouver dans votre menu padlet.<\/span><\/h4><h4 style=\"text-align: center;\"><b style=\"caret-color: #000000; color: #000000; font-family: -webkit-standard; text-size-adjust: auto;\">Cette ressourcerie est uniquement r\u00e9serv\u00e9e aux adh\u00e9rents, il y a donc un mot de passe qui vous sera transmis d\u00e8s votre adh\u00e9sion annuelle (<span style=\"color: #d43dd4;\"><a style=\"color: #d43dd4;\" href=\"http:\/\/polychrome-edu.fr\/index.php\/2021\/09\/12\/adhesion-en-ligne-annee-scolaire\/\" target=\"_blank\" rel=\"noopener\"><span style=\"color: #ff00ff;\">lien pour la faire ou la renouveler, de juillet \u00e0 juillet<\/span><\/a><\/span>).<\/b><span style=\"color: #000000;\"><br \/><\/span><\/h4>\t\t\t\t\t\t\t\t<\/div>\n\t\t\t\t<\/div>\n\t\t\t\t\t<\/div>\n\t\t<\/div>\n\t\t\t\t\t<\/div>\n\t\t<\/section>\n\t\t\t\t<section class=\"elementor-section elementor-top-section elementor-element elementor-element-2d2dfdb elementor-section-boxed elementor-section-height-default elementor-section-height-default\" data-id=\"2d2dfdb\" data-element_type=\"section\" data-e-type=\"section\">\n\t\t\t\t\t\t<div class=\"elementor-container elementor-column-gap-default\">\n\t\t\t\t\t<div class=\"elementor-column elementor-col-100 elementor-top-column elementor-element elementor-element-57bc41e\" data-id=\"57bc41e\" data-element_type=\"column\" data-e-type=\"column\">\n\t\t\t<div class=\"elementor-widget-wrap elementor-element-populated\">\n\t\t\t\t\t\t<div class=\"elementor-element elementor-element-92c240b elementor-align-center elementor-widget elementor-widget-button\" data-id=\"92c240b\" data-element_type=\"widget\" data-e-type=\"widget\" data-widget_type=\"button.default\">\n\t\t\t\t<div class=\"elementor-widget-container\">\n\t\t\t\t\t\t\t\t\t<div class=\"elementor-button-wrapper\">\n\t\t\t\t\t<a class=\"elementor-button elementor-button-link elementor-size-xl\" href=\"https:\/\/padlet.com\/Polychrome\/ressourceriePOLYCHROME_20242025\" target=\"_blank\">\n\t\t\t\t\t\t<span class=\"elementor-button-content-wrapper\">\n\t\t\t\t\t\t<span class=\"elementor-button-icon\">\n\t\t\t\t\t\t\t\t\t<i class=\"fa fa-hand-o-right\" aria-hidden=\"true\"><\/i>\n\t\t\t\t\t\t\t<\/span>\n\t\t\t\t\t\t\t\t\t<span class=\"elementor-button-text\">LA RESSOURCERIE<\/span>\n\t\t\t\t\t<\/span>\n\t\t\t\t\t<\/a>\n\t\t\t\t<\/div>\n\t\t\t\t\t\t\t\t<\/div>\n\t\t\t\t<\/div>\n\t\t\t\t\t<\/div>\n\t\t<\/div>\n\t\t\t\t\t<\/div>\n\t\t<\/section>\n\t\t\t\t<\/div>\n\t\t","protected":false},"excerpt":{"rendered":"<p>Depuis plusieurs ann\u00e9es nous partageons des ressources p\u00e9dagogiques au hasard des envies de chacun et en toute bienveillance. Parce que partager c&rsquo;est stimulant, formateur et \u00e7a fait gagner du temps. \u00a0Enfin pas toujours !&#8230; Pendant un temps les ressources furent h\u00e9berg\u00e9es sur via\u00e9duc.fr, une application de l&rsquo;\u00e9ducation nationale \u00e0 usage des enseignants. Et depuis peu&nbsp;&hellip;<\/p>\n","protected":false},"author":6,"featured_media":0,"parent":0,"menu_order":4,"comment_status":"closed","ping_status":"closed","template":"","meta":{"footnotes":""},"class_list":["post-4","page","type-page","status-publish","hentry"],"yoast_head":"<!-- This site is optimized with the Yoast SEO plugin v27.4 - https:\/\/yoast.com\/product\/yoast-seo-wordpress\/ -->\n<title>RESSOURCES - Polychrome-edu<\/title>\n<meta name=\"robots\" content=\"index, follow, max-snippet:-1, max-image-preview:large, max-video-preview:-1\" \/>\n<link rel=\"canonical\" href=\"https:\/\/polychrome-edu.fr\/index.php\/ressources\/\" \/>\n<meta property=\"og:locale\" content=\"fr_FR\" \/>\n<meta property=\"og:type\" content=\"article\" \/>\n<meta property=\"og:title\" content=\"RESSOURCES - Polychrome-edu\" \/>\n<meta property=\"og:description\" content=\"Depuis plusieurs ann\u00e9es nous partageons des ressources p\u00e9dagogiques au hasard des envies de chacun et en toute bienveillance. Parce que partager c&rsquo;est stimulant, formateur et \u00e7a fait gagner du temps. \u00a0Enfin pas toujours !&#8230; Pendant un temps les ressources furent h\u00e9berg\u00e9es sur via\u00e9duc.fr, une application de l&rsquo;\u00e9ducation nationale \u00e0 usage des enseignants. Et depuis peu&nbsp;&hellip;\" \/>\n<meta property=\"og:url\" content=\"https:\/\/polychrome-edu.fr\/index.php\/ressources\/\" \/>\n<meta property=\"og:site_name\" content=\"Polychrome-edu\" \/>\n<meta property=\"article:publisher\" content=\"https:\/\/www.facebook.com\/Polychrome-edufr-200275759992220\/\" \/>\n<meta property=\"article:modified_time\" content=\"2024-07-11T08:29:35+00:00\" \/>\n<meta name=\"twitter:card\" content=\"summary_large_image\" \/>\n<meta name=\"twitter:label1\" content=\"Dur\u00e9e de lecture estim\u00e9e\" \/>\n\t<meta name=\"twitter:data1\" content=\"1 minute\" \/>\n<script type=\"application\/ld+json\" class=\"yoast-schema-graph\">{\"@context\":\"https:\\\/\\\/schema.org\",\"@graph\":[{\"@type\":\"WebPage\",\"@id\":\"https:\\\/\\\/polychrome-edu.fr\\\/index.php\\\/ressources\\\/\",\"url\":\"https:\\\/\\\/polychrome-edu.fr\\\/index.php\\\/ressources\\\/\",\"name\":\"RESSOURCES - Polychrome-edu\",\"isPartOf\":{\"@id\":\"https:\\\/\\\/polychrome-edu.fr\\\/#website\"},\"datePublished\":\"2018-10-08T17:59:08+00:00\",\"dateModified\":\"2024-07-11T08:29:35+00:00\",\"breadcrumb\":{\"@id\":\"https:\\\/\\\/polychrome-edu.fr\\\/index.php\\\/ressources\\\/#breadcrumb\"},\"inLanguage\":\"fr-FR\",\"potentialAction\":[{\"@type\":\"ReadAction\",\"target\":[\"https:\\\/\\\/polychrome-edu.fr\\\/index.php\\\/ressources\\\/\"]}]},{\"@type\":\"BreadcrumbList\",\"@id\":\"https:\\\/\\\/polychrome-edu.fr\\\/index.php\\\/ressources\\\/#breadcrumb\",\"itemListElement\":[{\"@type\":\"ListItem\",\"position\":1,\"name\":\"Accueil\",\"item\":\"https:\\\/\\\/polychrome-edu.fr\\\/\"},{\"@type\":\"ListItem\",\"position\":2,\"name\":\"RESSOURCES\"}]},{\"@type\":\"WebSite\",\"@id\":\"https:\\\/\\\/polychrome-edu.fr\\\/#website\",\"url\":\"https:\\\/\\\/polychrome-edu.fr\\\/\",\"name\":\"Polychrome-edu\",\"description\":\"L&#039;Association nationale des professeurs d&#039;arts plastiques\",\"publisher\":{\"@id\":\"https:\\\/\\\/polychrome-edu.fr\\\/#organization\"},\"potentialAction\":[{\"@type\":\"SearchAction\",\"target\":{\"@type\":\"EntryPoint\",\"urlTemplate\":\"https:\\\/\\\/polychrome-edu.fr\\\/?s={search_term_string}\"},\"query-input\":{\"@type\":\"PropertyValueSpecification\",\"valueRequired\":true,\"valueName\":\"search_term_string\"}}],\"inLanguage\":\"fr-FR\"},{\"@type\":\"Organization\",\"@id\":\"https:\\\/\\\/polychrome-edu.fr\\\/#organization\",\"name\":\"Polychrome-edu\",\"url\":\"https:\\\/\\\/polychrome-edu.fr\\\/\",\"logo\":{\"@type\":\"ImageObject\",\"inLanguage\":\"fr-FR\",\"@id\":\"https:\\\/\\\/polychrome-edu.fr\\\/#\\\/schema\\\/logo\\\/image\\\/\",\"url\":\"https:\\\/\\\/polychrome-edu.fr\\\/wp-content\\\/uploads\\\/2018\\\/10\\\/cropped-LOGO-TEXTE-NOIR-e1540477061508.png\",\"contentUrl\":\"https:\\\/\\\/polychrome-edu.fr\\\/wp-content\\\/uploads\\\/2018\\\/10\\\/cropped-LOGO-TEXTE-NOIR-e1540477061508.png\",\"width\":744,\"height\":347,\"caption\":\"Polychrome-edu\"},\"image\":{\"@id\":\"https:\\\/\\\/polychrome-edu.fr\\\/#\\\/schema\\\/logo\\\/image\\\/\"},\"sameAs\":[\"https:\\\/\\\/www.facebook.com\\\/Polychrome-edufr-200275759992220\\\/\"]}]}<\/script>\n<!-- \/ Yoast SEO plugin. -->","yoast_head_json":{"title":"RESSOURCES - Polychrome-edu","robots":{"index":"index","follow":"follow","max-snippet":"max-snippet:-1","max-image-preview":"max-image-preview:large","max-video-preview":"max-video-preview:-1"},"canonical":"https:\/\/polychrome-edu.fr\/index.php\/ressources\/","og_locale":"fr_FR","og_type":"article","og_title":"RESSOURCES - Polychrome-edu","og_description":"Depuis plusieurs ann\u00e9es nous partageons des ressources p\u00e9dagogiques au hasard des envies de chacun et en toute bienveillance. Parce que partager c&rsquo;est stimulant, formateur et \u00e7a fait gagner du temps. \u00a0Enfin pas toujours !&#8230; Pendant un temps les ressources furent h\u00e9berg\u00e9es sur via\u00e9duc.fr, une application de l&rsquo;\u00e9ducation nationale \u00e0 usage des enseignants. Et depuis peu&nbsp;&hellip;","og_url":"https:\/\/polychrome-edu.fr\/index.php\/ressources\/","og_site_name":"Polychrome-edu","article_publisher":"https:\/\/www.facebook.com\/Polychrome-edufr-200275759992220\/","article_modified_time":"2024-07-11T08:29:35+00:00","twitter_card":"summary_large_image","twitter_misc":{"Dur\u00e9e de lecture estim\u00e9e":"1 minute"},"schema":{"@context":"https:\/\/schema.org","@graph":[{"@type":"WebPage","@id":"https:\/\/polychrome-edu.fr\/index.php\/ressources\/","url":"https:\/\/polychrome-edu.fr\/index.php\/ressources\/","name":"RESSOURCES - Polychrome-edu","isPartOf":{"@id":"https:\/\/polychrome-edu.fr\/#website"},"datePublished":"2018-10-08T17:59:08+00:00","dateModified":"2024-07-11T08:29:35+00:00","breadcrumb":{"@id":"https:\/\/polychrome-edu.fr\/index.php\/ressources\/#breadcrumb"},"inLanguage":"fr-FR","potentialAction":[{"@type":"ReadAction","target":["https:\/\/polychrome-edu.fr\/index.php\/ressources\/"]}]},{"@type":"BreadcrumbList","@id":"https:\/\/polychrome-edu.fr\/index.php\/ressources\/#breadcrumb","itemListElement":[{"@type":"ListItem","position":1,"name":"Accueil","item":"https:\/\/polychrome-edu.fr\/"},{"@type":"ListItem","position":2,"name":"RESSOURCES"}]},{"@type":"WebSite","@id":"https:\/\/polychrome-edu.fr\/#website","url":"https:\/\/polychrome-edu.fr\/","name":"Polychrome-edu","description":"L&#039;Association nationale des professeurs d&#039;arts plastiques","publisher":{"@id":"https:\/\/polychrome-edu.fr\/#organization"},"potentialAction":[{"@type":"SearchAction","target":{"@type":"EntryPoint","urlTemplate":"https:\/\/polychrome-edu.fr\/?s={search_term_string}"},"query-input":{"@type":"PropertyValueSpecification","valueRequired":true,"valueName":"search_term_string"}}],"inLanguage":"fr-FR"},{"@type":"Organization","@id":"https:\/\/polychrome-edu.fr\/#organization","name":"Polychrome-edu","url":"https:\/\/polychrome-edu.fr\/","logo":{"@type":"ImageObject","inLanguage":"fr-FR","@id":"https:\/\/polychrome-edu.fr\/#\/schema\/logo\/image\/","url":"https:\/\/polychrome-edu.fr\/wp-content\/uploads\/2018\/10\/cropped-LOGO-TEXTE-NOIR-e1540477061508.png","contentUrl":"https:\/\/polychrome-edu.fr\/wp-content\/uploads\/2018\/10\/cropped-LOGO-TEXTE-NOIR-e1540477061508.png","width":744,"height":347,"caption":"Polychrome-edu"},"image":{"@id":"https:\/\/polychrome-edu.fr\/#\/schema\/logo\/image\/"},"sameAs":["https:\/\/www.facebook.com\/Polychrome-edufr-200275759992220\/"]}]}},"_links":{"self":[{"href":"https:\/\/polychrome-edu.fr\/index.php\/wp-json\/wp\/v2\/pages\/4","targetHints":{"allow":["GET"]}}],"collection":[{"href":"https:\/\/polychrome-edu.fr\/index.php\/wp-json\/wp\/v2\/pages"}],"about":[{"href":"https:\/\/polychrome-edu.fr\/index.php\/wp-json\/wp\/v2\/types\/page"}],"author":[{"embeddable":true,"href":"https:\/\/polychrome-edu.fr\/index.php\/wp-json\/wp\/v2\/users\/6"}],"replies":[{"embeddable":true,"href":"https:\/\/polychrome-edu.fr\/index.php\/wp-json\/wp\/v2\/comments?post=4"}],"version-history":[{"count":30,"href":"https:\/\/polychrome-edu.fr\/index.php\/wp-json\/wp\/v2\/pages\/4\/revisions"}],"predecessor-version":[{"id":1995,"href":"https:\/\/polychrome-edu.fr\/index.php\/wp-json\/wp\/v2\/pages\/4\/revisions\/1995"}],"wp:attachment":[{"href":"https:\/\/polychrome-edu.fr\/index.php\/wp-json\/wp\/v2\/media?parent=4"}],"curies":[{"name":"wp","href":"https:\/\/api.w.org\/{rel}","templated":true}]}}