{"id":35,"date":"2018-10-10T20:07:39","date_gmt":"2018-10-10T18:07:39","guid":{"rendered":"http:\/\/polychrome-edu.fr\/index.php\/materialis\/"},"modified":"2023-08-25T22:53:45","modified_gmt":"2023-08-25T20:53:45","slug":"ploychrome-edu-arts-plastiques","status":"publish","type":"page","link":"https:\/\/polychrome-edu.fr\/","title":{"rendered":""},"content":{"rendered":"\t\t<div data-elementor-type=\"wp-page\" data-elementor-id=\"35\" class=\"elementor elementor-35\">\n\t\t\t\t\t\t<section class=\"elementor-section elementor-top-section elementor-element elementor-element-b703835 elementor-section-boxed elementor-section-height-default elementor-section-height-default\" data-id=\"b703835\" data-element_type=\"section\" data-e-type=\"section\">\n\t\t\t\t\t\t<div class=\"elementor-container elementor-column-gap-default\">\n\t\t\t\t\t<div class=\"elementor-column elementor-col-100 elementor-top-column elementor-element elementor-element-a30b36d\" data-id=\"a30b36d\" data-element_type=\"column\" data-e-type=\"column\">\n\t\t\t<div class=\"elementor-widget-wrap\">\n\t\t\t\t\t\t\t<\/div>\n\t\t<\/div>\n\t\t\t\t\t<\/div>\n\t\t<\/section>\n\t\t\t\t<section class=\"elementor-section elementor-top-section elementor-element elementor-element-4c1cb23 elementor-section-boxed elementor-section-height-default elementor-section-height-default\" data-id=\"4c1cb23\" data-element_type=\"section\" data-e-type=\"section\">\n\t\t\t\t\t\t<div class=\"elementor-container elementor-column-gap-default\">\n\t\t\t\t\t<div class=\"elementor-column elementor-col-100 elementor-top-column elementor-element elementor-element-471b3c2\" data-id=\"471b3c2\" data-element_type=\"column\" data-e-type=\"column\">\n\t\t\t<div class=\"elementor-widget-wrap elementor-element-populated\">\n\t\t\t\t\t\t<div class=\"elementor-element elementor-element-5e1c9a9 elementor-widget elementor-widget-shortcode\" data-id=\"5e1c9a9\" data-element_type=\"widget\" data-e-type=\"widget\" data-widget_type=\"shortcode.default\">\n\t\t\t\t<div class=\"elementor-widget-container\">\n\t\t\t\t\t\t\t<div class=\"elementor-shortcode\"><\/div>\n\t\t\t\t\t\t<\/div>\n\t\t\t\t<\/div>\n\t\t\t\t\t<\/div>\n\t\t<\/div>\n\t\t\t\t\t<\/div>\n\t\t<\/section>\n\t\t\t\t<section class=\"elementor-section elementor-top-section elementor-element elementor-element-d3ace36 elementor-section-full_width elementor-section-height-default elementor-section-height-default\" data-id=\"d3ace36\" data-element_type=\"section\" data-e-type=\"section\">\n\t\t\t\t\t\t<div class=\"elementor-container elementor-column-gap-default\">\n\t\t\t\t\t<div class=\"elementor-column elementor-col-100 elementor-top-column elementor-element elementor-element-654517d\" data-id=\"654517d\" data-element_type=\"column\" data-e-type=\"column\">\n\t\t\t<div class=\"elementor-widget-wrap elementor-element-populated\">\n\t\t\t\t\t\t<div class=\"elementor-element elementor-element-1931d22 elementor-widget elementor-widget-wp-widget-recent-posts\" data-id=\"1931d22\" data-element_type=\"widget\" data-e-type=\"widget\" data-widget_type=\"wp-widget-recent-posts.default\">\n\t\t\t\t<div class=\"elementor-widget-container\">\n\t\t\t\t\t\n\t\t\n\t\t<h5>DERNIERS ARTICLES EN LIGNE :<\/h5>\n\t\t<ul>\n\t\t\t\t\t\t\t\t\t\t\t<li>\n\t\t\t\t\t<a href=\"https:\/\/polychrome-edu.fr\/index.php\/2026\/03\/30\/texte-relatif-au-projet-de-programme-de-cycle-2-et-3-apres-la-consultation-du-17-mars-2025-aupres-de-la-dgesco-direction-generale-de-lenseignement-scolaire\/\">Texte relatif au projet de programme de cycle 2 et 3 apr\u00e8s la consultation du 17 mars 2025 aupr\u00e8s de la DGESCO (direction g\u00e9n\u00e9rale de l&rsquo;enseignement scolaire\u00a0).<\/a>\n\t\t\t\t\t\t\t\t\t\t\t<span class=\"post-date\">30 mars 2026<\/span>\n\t\t\t\t\t\t\t\t\t<\/li>\n\t\t\t\t\t\t\t\t\t\t\t<li>\n\t\t\t\t\t<a href=\"https:\/\/polychrome-edu.fr\/index.php\/2025\/09\/29\/bilan-des-epreuves-du-baccalaureat-session-2025\/\">BILAN DES EPREUVES DU BACCALAUREAT \u2013 SESSION 2025<\/a>\n\t\t\t\t\t\t\t\t\t\t\t<span class=\"post-date\">29 septembre 2025<\/span>\n\t\t\t\t\t\t\t\t\t<\/li>\n\t\t\t\t\t\t\t\t\t\t\t<li>\n\t\t\t\t\t<a href=\"https:\/\/polychrome-edu.fr\/index.php\/2025\/09\/29\/newsletter-infolettre-de-aout-2025-non-adherents\/\">Newsletter-infolettre de ao\u00fbt 2025 &#8211; Non adh\u00e9rents<\/a>\n\t\t\t\t\t\t\t\t\t\t\t<span class=\"post-date\">29 septembre 2025<\/span>\n\t\t\t\t\t\t\t\t\t<\/li>\n\t\t\t\t\t\t\t\t\t\t\t<li>\n\t\t\t\t\t<a href=\"https:\/\/polychrome-edu.fr\/index.php\/2025\/08\/05\/compte-rendu-de-lassemblee-generale-tenue-le-14-juin-2025\/\">Compte-rendu de l&rsquo;Assembl\u00e9e g\u00e9n\u00e9rale tenue le 14 juin 2025<\/a>\n\t\t\t\t\t\t\t\t\t\t\t<span class=\"post-date\">5 ao\u00fbt 2025<\/span>\n\t\t\t\t\t\t\t\t\t<\/li>\n\t\t\t\t\t\t\t\t\t\t\t<li>\n\t\t\t\t\t<a href=\"https:\/\/polychrome-edu.fr\/index.php\/2025\/06\/14\/mise-en-oeuvre-des-oeuvres-themes-et-questions-de-reference-retenus-pour-la-session-2025-et-2026-du-baccalaureat\/\">Mise en \u0153uvre des \u0153uvres, th\u00e8mes, et questions de r\u00e9f\u00e9rence retenus pour la session 2025 et 2026 du Baccalaur\u00e9at<\/a>\n\t\t\t\t\t\t\t\t\t\t\t<span class=\"post-date\">14 juin 2025<\/span>\n\t\t\t\t\t\t\t\t\t<\/li>\n\t\t\t\t\t<\/ul>\n\n\t\t\t\t\t\t<\/div>\n\t\t\t\t<\/div>\n\t\t\t\t\t<\/div>\n\t\t<\/div>\n\t\t\t\t\t<\/div>\n\t\t<\/section>\n\t\t\t\t<section class=\"elementor-section elementor-top-section elementor-element elementor-element-2469340f elementor-section-full_width elementor-section-height-default elementor-section-height-default\" data-id=\"2469340f\" data-element_type=\"section\" data-e-type=\"section\">\n\t\t\t\t\t\t<div class=\"elementor-container elementor-column-gap-default\">\n\t\t\t\t\t<div class=\"elementor-column elementor-col-100 elementor-top-column elementor-element elementor-element-57dec5aa\" data-id=\"57dec5aa\" data-element_type=\"column\" data-e-type=\"column\">\n\t\t\t<div class=\"elementor-widget-wrap elementor-element-populated\">\n\t\t\t\t\t\t<div class=\"elementor-element elementor-element-5a501b6a elementor-widget elementor-widget-text-editor\" data-id=\"5a501b6a\" data-element_type=\"widget\" data-e-type=\"widget\" data-widget_type=\"text-editor.default\">\n\t\t\t\t<div class=\"elementor-widget-container\">\n\t\t\t\t\t\t\t\t\t<div id=\"icones\" class=\"overlappable-5-materialis content-section content-section-spacing-large\" style=\"background-color: #ffffff; background-image: none;\" data-label=\"icones\" data-id=\"overlappable-5-materialis\" data-export-id=\"overlappable-5-materialis\" data-category=\"overlappable\" data-overlap=\"true\">\n<div class=\"\">\n<div class=\"row spaced-cols center-sm content-center-sm\" data-type=\"row\">\n<div class=\"col-sm-6 col-md-4 \">\n<div class=\"card mdc-elevation--z3 row-card\">\n<div class=\"row\">\n<div class=\"col-sm\" data-type=\"column\">\n<h4 class=\"color-black\">C\u2019EST OFFICIEL !<\/h4>\n<a class=\"link\" href=\"http:\/\/polychrome-edu.fr\/index.php\/cest-officiel\" target=\"_self\" rel=\"noopener noreferrer\" data-cp-link=\"1\">Retrouvez les textes officiels<\/a><\/div>\n<\/div>\n<\/div>\n<\/div>\n<div class=\"col-sm-6 col-md-4 \">\n<div class=\"card mdc-elevation--z3 row-card\">\n<div class=\"row\">\n<div class=\"col-sm-fit icon-col\">\u00a0<\/div>\n<div class=\"col-sm\" data-type=\"column\">\n<h4 class=\"color-black\">ON N\u2019EST PAS D\u2019ACCORD !<\/h4>\n<a class=\"link\" href=\"http:\/\/polychrome-edu.fr\/index.php\/petitions\" target=\"_self\" rel=\"noopener noreferrer\" data-cp-link=\"1\">P\u00e9titions<\/a><\/div>\n<\/div>\n<\/div>\n<\/div>\n<div class=\"col-sm-6 col-md-4\">\n<div class=\"card mdc-elevation--z3 row-card\">\n<div class=\"row\">\n<div class=\"col-sm-fit icon-col\">\u00a0<\/div>\n<div class=\"col-sm\" data-type=\"column\">\n<h4 class=\"color-black\">LIENS<\/h4>\n<a class=\"link\" href=\"http:\/\/polychrome-edu.fr\/index.php\/liens\" target=\"_self\" rel=\"noopener noreferrer\" data-cp-link=\"1\">Sites, m\u00e9dias, ressources\u2026<\/a><\/div>\n<div data-type=\"column\">\u00a0<\/div>\n<\/div>\n<\/div>\n<\/div>\n<\/div>\n<\/div>\n<\/div>\n<div id=\"blog\" class=\"latest-news-1-materialis content-section content-section-spacing-large\" style=\"background-color: #f5fafd;\" data-label=\"Blog\" data-id=\"latest-news-1-materialis\" data-export-id=\"latest-news-1-materialis\" data-category=\"latest_news\">\n<div class=\"gridContainer\">\n<div class=\"row\">\n<div class=\"text-center\" style=\"text-align: center;\"><a class=\"button big color1 mdc-elevation--z3 mdc-ripple-upgraded\" style=\"--mdc-ripple-fg-size: 153.572px; --mdc-ripple-fg-scale: 1.76847;\" href=\"https:\/\/www.facebook.com\/polychrome.edu.3\/\" target=\"_blank\" rel=\"noopener\">LA PAGE FACEBOOK<\/a><\/div>\n<\/div>\n<div id=\"blog\" class=\"latest-news-1-materialis content-section content-section-spacing-large\" style=\"background-color: #f5fafd;\" data-label=\"Blog\" data-id=\"latest-news-1-materialis\" data-export-id=\"latest-news-1-materialis\" data-category=\"latest_news\">\n<div class=\"gridContainer\">\n<div class=\"row\">\n<div class=\"text-center\" style=\"text-align: center;\"><a class=\"button big color1 mdc-elevation--z3 mdc-ripple-upgraded\" style=\"--mdc-ripple-fg-size: 153.572px; --mdc-ripple-fg-scale: 1.76847;\" href=\"https:\/\/twitter.com\/Polychromeedu\" target=\"_blank\" rel=\"noopener\">et le fil de TWITTER<\/a><\/div>\n<\/div>\n<\/div>\n<div>\u00a0<\/div>\n<\/div>\n<\/div>\n<!-- \/wp:extendstudio\/materialis -->\n\n<!-- wp:extendstudio\/materialis -->\n<div id=\"notre-story\" class=\"content-7m content-section-spacing-large content-section\" style=\"background-color: #ffffff; background-image: none;\" data-label=\"Notre Story\" data-id=\"content-7-materialis\" data-export-id=\"content-7-materialis\" data-category=\"content\">\n<div class=\"gridContainer\">\n<div class=\"row middle-sm\">\n<div class=\"col-md-6 col-xs-12 col-sm-6 col-padding-small-xs\"><img decoding=\"async\" class=\"mdc-elevation--z13 img-rounded aligncenter\" src=\"http:\/\/polychrome-edu.fr\/wp-content\/uploads\/2018\/10\/cropped-Capture-d\u2019\u00e9cran-2018-10-13-\u00e0-22.01.06.png\" \/><\/div>\n<div class=\"col-md-5 col-md-offset-1 col-xs-12 col-sm-6 content-left-sm col-padding-small-xs\" data-type=\"column\">\n<h6 class=\"upper\">Polychrome story<\/h6>\n<h3 class=\"space-bottom\">Il \u00e9tait une fois\u2026<\/h3>\n<p class=\"space-top\">L\u2019association Polychrome est n\u00e9e de contacts entre professeurs d\u2019arts plastiques de toutes les acad\u00e9mies qui s\u2019interrogeaient sur la mise en place de la r\u00e9forme du Lyc\u00e9e 2010.<\/p>\n<a class=\"button read-more link color1 space-top negative-margin mdc-ripple-upgraded\" style=\"--mdc-ripple-fg-size: 78.7969px; --mdc-ripple-fg-scale: 1.86917;\" href=\"http:\/\/polychrome-edu.fr\/index.php\/polychrome-story\" target=\"_self\" rel=\"noopener noreferrer\" data-cp-link=\"1\">En savoir plus<i class=\"mdi mdi-arrow-right-thick\"><\/i><\/a><\/div>\n<\/div>\n<\/div>\n<\/div>\n<!-- \/wp:extendstudio\/materialis -->\n\n<!-- wp:extendstudio\/materialis -->\n<div id=\"archives\" class=\"content-8m content-section-spacing-large content-section\" style=\"background-color: #ffffff;\" data-label=\"Archives\" data-id=\"content-8-materialis\" data-export-id=\"content-8-materialis\" data-category=\"content\">\n<div class=\"gridContainer\">\n<div class=\"row middle-sm\">\n<div class=\"col-md-5 col-xs-12 col-sm-6 space-bottom-xs\" data-type=\"column\">\n<h6 class=\"upper\">Remember<\/h6>\n<h3 class=\"\">Archives<\/h3>\n<p class=\"space-top\">Il y a des documents qui m\u00e9ritent d\u2019\u00eatre sauv\u00e9s des pattes de Chronos.<\/p>\n<a class=\"button read-more link color1 space-top negative-margin mdc-ripple-upgraded\" style=\"--mdc-ripple-fg-size: 70.4344px; --mdc-ripple-fg-scale: 1.90274;\" href=\"http:\/\/polychrome-edu.fr\/index.php\/archives\" target=\"_self\" rel=\"noopener noreferrer\" data-cp-link=\"1\"> Trouver plus<i class=\"mdi mdi-arrow-right-thick\"><\/i><\/a><\/div>\n<div class=\"col-md-6 col-md-offset-1 col-xs-12 col-sm-6\"><img decoding=\"async\" class=\"mdc-elevation--z9 rounded\" src=\"http:\/\/polychrome-edu.fr\/wp-content\/uploads\/2018\/10\/Capture-d\u2019\u00e9cran-2018-10-13-\u00e0-22.30.15.png\" \/><\/div>\n<\/div>\n<\/div>\n<\/div>\n<!-- \/wp:extendstudio\/materialis -->\n\n<!-- wp:html -->\n<div id=\"confidentialite\" class=\"overlappable-14-materialis content-section content-section-spacing-large\" style=\"background-color: #ffffff;\" data-label=\"CONFIDENTIALITE\" data-id=\"overlappable--NaN\" data-export-id=\"overlappable-14-materialis\" data-category=\"overlappable\" data-overlap=\"true\">\n<div class=\"\">\n<div class=\"row spaced-cols content-center-sm center-sm\" data-type=\"row\">\n<div class=\"col-xs-12 col-sm-4 content-on-center \">\n<div data-type=\"column\">\u00a0<\/div>\n<h4 class=\"card no-radius mdc-elevation--z3 bg-color4\" data-type=\"column\"><a class=\"link\" href=\"http:\/\/polychrome-edu.fr\/index.php\/politique-de-confidentialite\" target=\"_self\" rel=\"noopener noreferrer\" data-cp-link=\"1\">CONFIDENTIALIT\u00c9<\/a><\/h4>\n<\/div>\n<\/div>\n<\/div>\n<\/div>\n<!-- \/wp:html -->\n\n<!-- wp:paragraph -->\n<p>&nbsp;<\/p>\n<!-- \/wp:paragraph -->\t\t\t\t\t\t\t\t<\/div>\n\t\t\t\t<\/div>\n\t\t\t\t\t<\/div>\n\t\t<\/div>\n\t\t\t\t\t<\/div>\n\t\t<\/section>\n\t\t\t\t<\/div>\n\t\t","protected":false},"excerpt":{"rendered":"<p>C\u2019EST OFFICIEL ! Retrouvez les textes officiels \u00a0 ON N\u2019EST PAS D\u2019ACCORD ! P\u00e9titions \u00a0 LIENS Sites, m\u00e9dias, ressources\u2026 \u00a0 LA PAGE FACEBOOK et le fil de TWITTER \u00a0 Polychrome story Il \u00e9tait une fois\u2026 L\u2019association Polychrome est n\u00e9e de contacts entre professeurs d\u2019arts plastiques de toutes les acad\u00e9mies qui s\u2019interrogeaient sur la mise en&nbsp;&hellip;<\/p>\n","protected":false},"author":6,"featured_media":0,"parent":0,"menu_order":0,"comment_status":"closed","ping_status":"closed","template":"elementor_header_footer","meta":{"footnotes":""},"class_list":["post-35","page","type-page","status-publish","hentry"],"yoast_head":"<!-- This site is optimized with the Yoast SEO plugin v27.3 - https:\/\/yoast.com\/product\/yoast-seo-wordpress\/ -->\n<title>- Polychrome-edu<\/title>\n<meta name=\"description\" content=\"Site des enseignants d&#039;arts plastiques, coll\u00e8ge et lyc\u00e9e, regroup\u00e9s en association, loi 1901.\" \/>\n<meta name=\"robots\" content=\"index, follow, max-snippet:-1, max-image-preview:large, max-video-preview:-1\" \/>\n<link rel=\"canonical\" href=\"https:\/\/polychrome-edu.fr\/\" \/>\n<meta property=\"og:locale\" content=\"fr_FR\" \/>\n<meta property=\"og:type\" content=\"article\" \/>\n<meta property=\"og:title\" content=\"- Polychrome-edu\" \/>\n<meta property=\"og:description\" content=\"Site des enseignants d&#039;arts plastiques, coll\u00e8ge et lyc\u00e9e, regroup\u00e9s en association, loi 1901.\" \/>\n<meta property=\"og:url\" content=\"https:\/\/polychrome-edu.fr\/\" \/>\n<meta property=\"og:site_name\" content=\"Polychrome-edu\" \/>\n<meta property=\"article:publisher\" content=\"https:\/\/www.facebook.com\/Polychrome-edufr-200275759992220\/\" \/>\n<meta property=\"article:modified_time\" content=\"2023-08-25T20:53:45+00:00\" \/>\n<meta name=\"twitter:card\" content=\"summary_large_image\" \/>\n<meta name=\"twitter:label1\" content=\"Dur\u00e9e de lecture estim\u00e9e\" \/>\n\t<meta name=\"twitter:data1\" content=\"2 minutes\" \/>\n<script type=\"application\/ld+json\" class=\"yoast-schema-graph\">{\"@context\":\"https:\\\/\\\/schema.org\",\"@graph\":[{\"@type\":\"WebPage\",\"@id\":\"https:\\\/\\\/polychrome-edu.fr\\\/\",\"url\":\"https:\\\/\\\/polychrome-edu.fr\\\/\",\"name\":\"- Polychrome-edu\",\"isPartOf\":{\"@id\":\"https:\\\/\\\/polychrome-edu.fr\\\/#website\"},\"datePublished\":\"2018-10-10T18:07:39+00:00\",\"dateModified\":\"2023-08-25T20:53:45+00:00\",\"description\":\"Site des enseignants d'arts plastiques, coll\u00e8ge et lyc\u00e9e, regroup\u00e9s en association, loi 1901.\",\"inLanguage\":\"fr-FR\",\"potentialAction\":[{\"@type\":\"ReadAction\",\"target\":[\"https:\\\/\\\/polychrome-edu.fr\\\/\"]}]},{\"@type\":\"WebSite\",\"@id\":\"https:\\\/\\\/polychrome-edu.fr\\\/#website\",\"url\":\"https:\\\/\\\/polychrome-edu.fr\\\/\",\"name\":\"Polychrome-edu\",\"description\":\"L&#039;Association nationale des professeurs d&#039;arts plastiques\",\"publisher\":{\"@id\":\"https:\\\/\\\/polychrome-edu.fr\\\/#organization\"},\"potentialAction\":[{\"@type\":\"SearchAction\",\"target\":{\"@type\":\"EntryPoint\",\"urlTemplate\":\"https:\\\/\\\/polychrome-edu.fr\\\/?s={search_term_string}\"},\"query-input\":{\"@type\":\"PropertyValueSpecification\",\"valueRequired\":true,\"valueName\":\"search_term_string\"}}],\"inLanguage\":\"fr-FR\"},{\"@type\":\"Organization\",\"@id\":\"https:\\\/\\\/polychrome-edu.fr\\\/#organization\",\"name\":\"Polychrome-edu\",\"url\":\"https:\\\/\\\/polychrome-edu.fr\\\/\",\"logo\":{\"@type\":\"ImageObject\",\"inLanguage\":\"fr-FR\",\"@id\":\"https:\\\/\\\/polychrome-edu.fr\\\/#\\\/schema\\\/logo\\\/image\\\/\",\"url\":\"https:\\\/\\\/polychrome-edu.fr\\\/wp-content\\\/uploads\\\/2018\\\/10\\\/cropped-LOGO-TEXTE-NOIR-e1540477061508.png\",\"contentUrl\":\"https:\\\/\\\/polychrome-edu.fr\\\/wp-content\\\/uploads\\\/2018\\\/10\\\/cropped-LOGO-TEXTE-NOIR-e1540477061508.png\",\"width\":744,\"height\":347,\"caption\":\"Polychrome-edu\"},\"image\":{\"@id\":\"https:\\\/\\\/polychrome-edu.fr\\\/#\\\/schema\\\/logo\\\/image\\\/\"},\"sameAs\":[\"https:\\\/\\\/www.facebook.com\\\/Polychrome-edufr-200275759992220\\\/\"]}]}<\/script>\n<!-- \/ Yoast SEO plugin. -->","yoast_head_json":{"title":"- Polychrome-edu","description":"Site des enseignants d'arts plastiques, coll\u00e8ge et lyc\u00e9e, regroup\u00e9s en association, loi 1901.","robots":{"index":"index","follow":"follow","max-snippet":"max-snippet:-1","max-image-preview":"max-image-preview:large","max-video-preview":"max-video-preview:-1"},"canonical":"https:\/\/polychrome-edu.fr\/","og_locale":"fr_FR","og_type":"article","og_title":"- Polychrome-edu","og_description":"Site des enseignants d'arts plastiques, coll\u00e8ge et lyc\u00e9e, regroup\u00e9s en association, loi 1901.","og_url":"https:\/\/polychrome-edu.fr\/","og_site_name":"Polychrome-edu","article_publisher":"https:\/\/www.facebook.com\/Polychrome-edufr-200275759992220\/","article_modified_time":"2023-08-25T20:53:45+00:00","twitter_card":"summary_large_image","twitter_misc":{"Dur\u00e9e de lecture estim\u00e9e":"2 minutes"},"schema":{"@context":"https:\/\/schema.org","@graph":[{"@type":"WebPage","@id":"https:\/\/polychrome-edu.fr\/","url":"https:\/\/polychrome-edu.fr\/","name":"- Polychrome-edu","isPartOf":{"@id":"https:\/\/polychrome-edu.fr\/#website"},"datePublished":"2018-10-10T18:07:39+00:00","dateModified":"2023-08-25T20:53:45+00:00","description":"Site des enseignants d'arts plastiques, coll\u00e8ge et lyc\u00e9e, regroup\u00e9s en association, loi 1901.","inLanguage":"fr-FR","potentialAction":[{"@type":"ReadAction","target":["https:\/\/polychrome-edu.fr\/"]}]},{"@type":"WebSite","@id":"https:\/\/polychrome-edu.fr\/#website","url":"https:\/\/polychrome-edu.fr\/","name":"Polychrome-edu","description":"L&#039;Association nationale des professeurs d&#039;arts plastiques","publisher":{"@id":"https:\/\/polychrome-edu.fr\/#organization"},"potentialAction":[{"@type":"SearchAction","target":{"@type":"EntryPoint","urlTemplate":"https:\/\/polychrome-edu.fr\/?s={search_term_string}"},"query-input":{"@type":"PropertyValueSpecification","valueRequired":true,"valueName":"search_term_string"}}],"inLanguage":"fr-FR"},{"@type":"Organization","@id":"https:\/\/polychrome-edu.fr\/#organization","name":"Polychrome-edu","url":"https:\/\/polychrome-edu.fr\/","logo":{"@type":"ImageObject","inLanguage":"fr-FR","@id":"https:\/\/polychrome-edu.fr\/#\/schema\/logo\/image\/","url":"https:\/\/polychrome-edu.fr\/wp-content\/uploads\/2018\/10\/cropped-LOGO-TEXTE-NOIR-e1540477061508.png","contentUrl":"https:\/\/polychrome-edu.fr\/wp-content\/uploads\/2018\/10\/cropped-LOGO-TEXTE-NOIR-e1540477061508.png","width":744,"height":347,"caption":"Polychrome-edu"},"image":{"@id":"https:\/\/polychrome-edu.fr\/#\/schema\/logo\/image\/"},"sameAs":["https:\/\/www.facebook.com\/Polychrome-edufr-200275759992220\/"]}]}},"_links":{"self":[{"href":"https:\/\/polychrome-edu.fr\/index.php\/wp-json\/wp\/v2\/pages\/35","targetHints":{"allow":["GET"]}}],"collection":[{"href":"https:\/\/polychrome-edu.fr\/index.php\/wp-json\/wp\/v2\/pages"}],"about":[{"href":"https:\/\/polychrome-edu.fr\/index.php\/wp-json\/wp\/v2\/types\/page"}],"author":[{"embeddable":true,"href":"https:\/\/polychrome-edu.fr\/index.php\/wp-json\/wp\/v2\/users\/6"}],"replies":[{"embeddable":true,"href":"https:\/\/polychrome-edu.fr\/index.php\/wp-json\/wp\/v2\/comments?post=35"}],"version-history":[{"count":157,"href":"https:\/\/polychrome-edu.fr\/index.php\/wp-json\/wp\/v2\/pages\/35\/revisions"}],"predecessor-version":[{"id":1796,"href":"https:\/\/polychrome-edu.fr\/index.php\/wp-json\/wp\/v2\/pages\/35\/revisions\/1796"}],"wp:attachment":[{"href":"https:\/\/polychrome-edu.fr\/index.php\/wp-json\/wp\/v2\/media?parent=35"}],"curies":[{"name":"wp","href":"https:\/\/api.w.org\/{rel}","templated":true}]}}