{"id":1954,"date":"2024-07-06T17:17:57","date_gmt":"2024-07-06T15:17:57","guid":{"rendered":"https:\/\/polychrome-edu.fr\/?page_id=1954"},"modified":"2024-07-06T17:21:52","modified_gmt":"2024-07-06T15:21:52","slug":"actualites-et-dernieres-publications","status":"publish","type":"page","link":"https:\/\/polychrome-edu.fr\/index.php\/actualites-et-dernieres-publications\/","title":{"rendered":"Actualit\u00e9s et derni\u00e8res publications"},"content":{"rendered":"\n<div class=\"wp-block-columns is-layout-flex wp-container-core-columns-is-layout-9d6595d7 wp-block-columns-is-layout-flex\">\n<div class=\"wp-block-column is-layout-flow wp-block-column-is-layout-flow\" style=\"flex-basis:100%\"><ul class=\"wp-block-latest-posts__list has-dates wp-block-latest-posts\"><li><a class=\"wp-block-latest-posts__post-title\" href=\"https:\/\/polychrome-edu.fr\/index.php\/2026\/03\/30\/texte-relatif-au-projet-de-programme-de-cycle-2-et-3-apres-la-consultation-du-17-mars-2025-aupres-de-la-dgesco-direction-generale-de-lenseignement-scolaire\/\">Texte relatif au projet de programme de cycle 2 et 3 apr\u00e8s la consultation du 17 mars 2025 aupr\u00e8s de la DGESCO (direction g\u00e9n\u00e9rale de l&rsquo;enseignement scolaire\u00a0).<\/a><time datetime=\"2026-03-30T22:42:13+02:00\" class=\"wp-block-latest-posts__post-date\">30 mars 2026<\/time><\/li>\n<li><a class=\"wp-block-latest-posts__post-title\" href=\"https:\/\/polychrome-edu.fr\/index.php\/2025\/09\/29\/bilan-des-epreuves-du-baccalaureat-session-2025\/\">BILAN DES EPREUVES DU BACCALAUREAT \u2013 SESSION 2025<\/a><time datetime=\"2025-09-29T08:32:57+02:00\" class=\"wp-block-latest-posts__post-date\">29 septembre 2025<\/time><\/li>\n<li><a class=\"wp-block-latest-posts__post-title\" href=\"https:\/\/polychrome-edu.fr\/index.php\/2025\/09\/29\/newsletter-infolettre-de-aout-2025-non-adherents\/\">Newsletter-infolettre de ao\u00fbt 2025 &#8211; Non adh\u00e9rents<\/a><time datetime=\"2025-09-29T08:28:38+02:00\" class=\"wp-block-latest-posts__post-date\">29 septembre 2025<\/time><\/li>\n<li><a class=\"wp-block-latest-posts__post-title\" href=\"https:\/\/polychrome-edu.fr\/index.php\/2025\/08\/05\/compte-rendu-de-lassemblee-generale-tenue-le-14-juin-2025\/\">Compte-rendu de l&rsquo;Assembl\u00e9e g\u00e9n\u00e9rale tenue le 14 juin 2025<\/a><time datetime=\"2025-08-05T11:52:30+02:00\" class=\"wp-block-latest-posts__post-date\">5 ao\u00fbt 2025<\/time><\/li>\n<li><a class=\"wp-block-latest-posts__post-title\" href=\"https:\/\/polychrome-edu.fr\/index.php\/2025\/06\/14\/mise-en-oeuvre-des-oeuvres-themes-et-questions-de-reference-retenus-pour-la-session-2025-et-2026-du-baccalaureat\/\">Mise en \u0153uvre des \u0153uvres, th\u00e8mes, et questions de r\u00e9f\u00e9rence retenus pour la session 2025 et 2026 du Baccalaur\u00e9at<\/a><time datetime=\"2025-06-14T11:05:44+02:00\" class=\"wp-block-latest-posts__post-date\">14 juin 2025<\/time><\/li>\n<li><a class=\"wp-block-latest-posts__post-title\" href=\"https:\/\/polychrome-edu.fr\/index.php\/2024\/12\/14\/la-tribune-du-collectif-riposte-du-monde\/\">\u00a0Tribune du collectif Riposte publi\u00e9e sur le Monde<\/a><time datetime=\"2024-12-14T19:24:48+01:00\" class=\"wp-block-latest-posts__post-date\">14 d\u00e9cembre 2024<\/time><\/li>\n<li><a class=\"wp-block-latest-posts__post-title\" href=\"https:\/\/polychrome-edu.fr\/index.php\/2024\/12\/14\/newsletter-infolettre-de-decembre-2024-edition-non-adherents\/\">Newsletter-infolettre de d\u00e9cembre 2024, \u00e9dition non adh\u00e9rents<\/a><time datetime=\"2024-12-14T12:33:00+01:00\" class=\"wp-block-latest-posts__post-date\">14 d\u00e9cembre 2024<\/time><\/li>\n<li><a class=\"wp-block-latest-posts__post-title\" href=\"https:\/\/polychrome-edu.fr\/index.php\/2024\/11\/30\/compte-rendu-de-reunion-avec-monsieur-le-recteur-emmanuel-ethis\/\">Compte rendu de r\u00e9union avec Monsieur Le Recteur Emmanuel Ethis<\/a><time datetime=\"2024-11-30T11:37:31+01:00\" class=\"wp-block-latest-posts__post-date\">30 novembre 2024<\/time><\/li>\n<\/ul><\/div>\n<\/div>\n","protected":false},"excerpt":{"rendered":"","protected":false},"author":6,"featured_media":0,"parent":0,"menu_order":0,"comment_status":"closed","ping_status":"closed","template":"elementor_header_footer","meta":{"footnotes":""},"class_list":["post-1954","page","type-page","status-publish","hentry"],"yoast_head":"<!-- This site is optimized with the Yoast SEO plugin v27.4 - https:\/\/yoast.com\/product\/yoast-seo-wordpress\/ -->\n<title>Actualit\u00e9s et derni\u00e8res publications - Polychrome-edu<\/title>\n<meta name=\"robots\" content=\"index, follow, max-snippet:-1, max-image-preview:large, max-video-preview:-1\" \/>\n<link rel=\"canonical\" href=\"https:\/\/polychrome-edu.fr\/index.php\/actualites-et-dernieres-publications\/\" \/>\n<meta property=\"og:locale\" content=\"fr_FR\" \/>\n<meta property=\"og:type\" content=\"article\" \/>\n<meta property=\"og:title\" content=\"Actualit\u00e9s et derni\u00e8res publications - Polychrome-edu\" \/>\n<meta property=\"og:url\" content=\"https:\/\/polychrome-edu.fr\/index.php\/actualites-et-dernieres-publications\/\" \/>\n<meta property=\"og:site_name\" content=\"Polychrome-edu\" \/>\n<meta property=\"article:publisher\" content=\"https:\/\/www.facebook.com\/Polychrome-edufr-200275759992220\/\" \/>\n<meta property=\"article:modified_time\" content=\"2024-07-06T15:21:52+00:00\" \/>\n<meta name=\"twitter:card\" content=\"summary_large_image\" \/>\n<script type=\"application\/ld+json\" class=\"yoast-schema-graph\">{\"@context\":\"https:\\\/\\\/schema.org\",\"@graph\":[{\"@type\":\"WebPage\",\"@id\":\"https:\\\/\\\/polychrome-edu.fr\\\/index.php\\\/actualites-et-dernieres-publications\\\/\",\"url\":\"https:\\\/\\\/polychrome-edu.fr\\\/index.php\\\/actualites-et-dernieres-publications\\\/\",\"name\":\"Actualit\u00e9s et derni\u00e8res publications - Polychrome-edu\",\"isPartOf\":{\"@id\":\"https:\\\/\\\/polychrome-edu.fr\\\/#website\"},\"datePublished\":\"2024-07-06T15:17:57+00:00\",\"dateModified\":\"2024-07-06T15:21:52+00:00\",\"breadcrumb\":{\"@id\":\"https:\\\/\\\/polychrome-edu.fr\\\/index.php\\\/actualites-et-dernieres-publications\\\/#breadcrumb\"},\"inLanguage\":\"fr-FR\",\"potentialAction\":[{\"@type\":\"ReadAction\",\"target\":[\"https:\\\/\\\/polychrome-edu.fr\\\/index.php\\\/actualites-et-dernieres-publications\\\/\"]}]},{\"@type\":\"BreadcrumbList\",\"@id\":\"https:\\\/\\\/polychrome-edu.fr\\\/index.php\\\/actualites-et-dernieres-publications\\\/#breadcrumb\",\"itemListElement\":[{\"@type\":\"ListItem\",\"position\":1,\"name\":\"Accueil\",\"item\":\"https:\\\/\\\/polychrome-edu.fr\\\/\"},{\"@type\":\"ListItem\",\"position\":2,\"name\":\"Actualit\u00e9s et derni\u00e8res publications\"}]},{\"@type\":\"WebSite\",\"@id\":\"https:\\\/\\\/polychrome-edu.fr\\\/#website\",\"url\":\"https:\\\/\\\/polychrome-edu.fr\\\/\",\"name\":\"Polychrome-edu\",\"description\":\"L&#039;Association nationale des professeurs d&#039;arts plastiques\",\"publisher\":{\"@id\":\"https:\\\/\\\/polychrome-edu.fr\\\/#organization\"},\"potentialAction\":[{\"@type\":\"SearchAction\",\"target\":{\"@type\":\"EntryPoint\",\"urlTemplate\":\"https:\\\/\\\/polychrome-edu.fr\\\/?s={search_term_string}\"},\"query-input\":{\"@type\":\"PropertyValueSpecification\",\"valueRequired\":true,\"valueName\":\"search_term_string\"}}],\"inLanguage\":\"fr-FR\"},{\"@type\":\"Organization\",\"@id\":\"https:\\\/\\\/polychrome-edu.fr\\\/#organization\",\"name\":\"Polychrome-edu\",\"url\":\"https:\\\/\\\/polychrome-edu.fr\\\/\",\"logo\":{\"@type\":\"ImageObject\",\"inLanguage\":\"fr-FR\",\"@id\":\"https:\\\/\\\/polychrome-edu.fr\\\/#\\\/schema\\\/logo\\\/image\\\/\",\"url\":\"https:\\\/\\\/polychrome-edu.fr\\\/wp-content\\\/uploads\\\/2018\\\/10\\\/cropped-LOGO-TEXTE-NOIR-e1540477061508.png\",\"contentUrl\":\"https:\\\/\\\/polychrome-edu.fr\\\/wp-content\\\/uploads\\\/2018\\\/10\\\/cropped-LOGO-TEXTE-NOIR-e1540477061508.png\",\"width\":744,\"height\":347,\"caption\":\"Polychrome-edu\"},\"image\":{\"@id\":\"https:\\\/\\\/polychrome-edu.fr\\\/#\\\/schema\\\/logo\\\/image\\\/\"},\"sameAs\":[\"https:\\\/\\\/www.facebook.com\\\/Polychrome-edufr-200275759992220\\\/\"]}]}<\/script>\n<!-- \/ Yoast SEO plugin. -->","yoast_head_json":{"title":"Actualit\u00e9s et derni\u00e8res publications - Polychrome-edu","robots":{"index":"index","follow":"follow","max-snippet":"max-snippet:-1","max-image-preview":"max-image-preview:large","max-video-preview":"max-video-preview:-1"},"canonical":"https:\/\/polychrome-edu.fr\/index.php\/actualites-et-dernieres-publications\/","og_locale":"fr_FR","og_type":"article","og_title":"Actualit\u00e9s et derni\u00e8res publications - Polychrome-edu","og_url":"https:\/\/polychrome-edu.fr\/index.php\/actualites-et-dernieres-publications\/","og_site_name":"Polychrome-edu","article_publisher":"https:\/\/www.facebook.com\/Polychrome-edufr-200275759992220\/","article_modified_time":"2024-07-06T15:21:52+00:00","twitter_card":"summary_large_image","schema":{"@context":"https:\/\/schema.org","@graph":[{"@type":"WebPage","@id":"https:\/\/polychrome-edu.fr\/index.php\/actualites-et-dernieres-publications\/","url":"https:\/\/polychrome-edu.fr\/index.php\/actualites-et-dernieres-publications\/","name":"Actualit\u00e9s et derni\u00e8res publications - Polychrome-edu","isPartOf":{"@id":"https:\/\/polychrome-edu.fr\/#website"},"datePublished":"2024-07-06T15:17:57+00:00","dateModified":"2024-07-06T15:21:52+00:00","breadcrumb":{"@id":"https:\/\/polychrome-edu.fr\/index.php\/actualites-et-dernieres-publications\/#breadcrumb"},"inLanguage":"fr-FR","potentialAction":[{"@type":"ReadAction","target":["https:\/\/polychrome-edu.fr\/index.php\/actualites-et-dernieres-publications\/"]}]},{"@type":"BreadcrumbList","@id":"https:\/\/polychrome-edu.fr\/index.php\/actualites-et-dernieres-publications\/#breadcrumb","itemListElement":[{"@type":"ListItem","position":1,"name":"Accueil","item":"https:\/\/polychrome-edu.fr\/"},{"@type":"ListItem","position":2,"name":"Actualit\u00e9s et derni\u00e8res publications"}]},{"@type":"WebSite","@id":"https:\/\/polychrome-edu.fr\/#website","url":"https:\/\/polychrome-edu.fr\/","name":"Polychrome-edu","description":"L&#039;Association nationale des professeurs d&#039;arts plastiques","publisher":{"@id":"https:\/\/polychrome-edu.fr\/#organization"},"potentialAction":[{"@type":"SearchAction","target":{"@type":"EntryPoint","urlTemplate":"https:\/\/polychrome-edu.fr\/?s={search_term_string}"},"query-input":{"@type":"PropertyValueSpecification","valueRequired":true,"valueName":"search_term_string"}}],"inLanguage":"fr-FR"},{"@type":"Organization","@id":"https:\/\/polychrome-edu.fr\/#organization","name":"Polychrome-edu","url":"https:\/\/polychrome-edu.fr\/","logo":{"@type":"ImageObject","inLanguage":"fr-FR","@id":"https:\/\/polychrome-edu.fr\/#\/schema\/logo\/image\/","url":"https:\/\/polychrome-edu.fr\/wp-content\/uploads\/2018\/10\/cropped-LOGO-TEXTE-NOIR-e1540477061508.png","contentUrl":"https:\/\/polychrome-edu.fr\/wp-content\/uploads\/2018\/10\/cropped-LOGO-TEXTE-NOIR-e1540477061508.png","width":744,"height":347,"caption":"Polychrome-edu"},"image":{"@id":"https:\/\/polychrome-edu.fr\/#\/schema\/logo\/image\/"},"sameAs":["https:\/\/www.facebook.com\/Polychrome-edufr-200275759992220\/"]}]}},"_links":{"self":[{"href":"https:\/\/polychrome-edu.fr\/index.php\/wp-json\/wp\/v2\/pages\/1954","targetHints":{"allow":["GET"]}}],"collection":[{"href":"https:\/\/polychrome-edu.fr\/index.php\/wp-json\/wp\/v2\/pages"}],"about":[{"href":"https:\/\/polychrome-edu.fr\/index.php\/wp-json\/wp\/v2\/types\/page"}],"author":[{"embeddable":true,"href":"https:\/\/polychrome-edu.fr\/index.php\/wp-json\/wp\/v2\/users\/6"}],"replies":[{"embeddable":true,"href":"https:\/\/polychrome-edu.fr\/index.php\/wp-json\/wp\/v2\/comments?post=1954"}],"version-history":[{"count":3,"href":"https:\/\/polychrome-edu.fr\/index.php\/wp-json\/wp\/v2\/pages\/1954\/revisions"}],"predecessor-version":[{"id":1959,"href":"https:\/\/polychrome-edu.fr\/index.php\/wp-json\/wp\/v2\/pages\/1954\/revisions\/1959"}],"wp:attachment":[{"href":"https:\/\/polychrome-edu.fr\/index.php\/wp-json\/wp\/v2\/media?parent=1954"}],"curies":[{"name":"wp","href":"https:\/\/api.w.org\/{rel}","templated":true}]}}