{"id":185,"date":"2018-10-14T10:41:05","date_gmt":"2018-10-14T08:41:05","guid":{"rendered":"http:\/\/polychrome-edu.fr\/index.php\/inscription\/"},"modified":"2018-12-18T17:48:46","modified_gmt":"2018-12-18T16:48:46","slug":"liens","status":"publish","type":"page","link":"https:\/\/polychrome-edu.fr\/index.php\/liens\/","title":{"rendered":"LIENS"},"content":{"rendered":"\t\t<div data-elementor-type=\"wp-post\" data-elementor-id=\"185\" class=\"elementor elementor-185 elementor-bc-flex-widget\">\n\t\t\t\t\t\t<section class=\"elementor-section elementor-top-section elementor-element elementor-element-22c3293 elementor-section-boxed elementor-section-height-default elementor-section-height-default\" data-id=\"22c3293\" data-element_type=\"section\" data-e-type=\"section\">\n\t\t\t\t\t\t<div class=\"elementor-container elementor-column-gap-default\">\n\t\t\t\t\t<div class=\"elementor-column elementor-col-100 elementor-top-column elementor-element elementor-element-3024e75\" data-id=\"3024e75\" data-element_type=\"column\" data-e-type=\"column\">\n\t\t\t<div class=\"elementor-widget-wrap elementor-element-populated\">\n\t\t\t\t\t\t<div class=\"elementor-element elementor-element-21363f5 elementor-widget elementor-widget-heading\" data-id=\"21363f5\" data-element_type=\"widget\" data-e-type=\"widget\" data-widget_type=\"heading.default\">\n\t\t\t\t<div class=\"elementor-widget-container\">\n\t\t\t\t\t<h2 class=\"elementor-heading-title elementor-size-large\">Liens, m\u00e9dias, ressources pour garder le contact avec l'actualit\u00e9. <\/h2>\t\t\t\t<\/div>\n\t\t\t\t<\/div>\n\t\t\t\t\t<\/div>\n\t\t<\/div>\n\t\t\t\t\t<\/div>\n\t\t<\/section>\n\t\t\t\t<section class=\"elementor-section elementor-top-section elementor-element elementor-element-330962f elementor-section-boxed elementor-section-height-default elementor-section-height-default\" data-id=\"330962f\" data-element_type=\"section\" data-e-type=\"section\">\n\t\t\t\t\t\t<div class=\"elementor-container elementor-column-gap-default\">\n\t\t\t\t\t<div class=\"elementor-column elementor-col-66 elementor-top-column elementor-element elementor-element-29fc050\" data-id=\"29fc050\" data-element_type=\"column\" data-e-type=\"column\">\n\t\t\t<div class=\"elementor-widget-wrap elementor-element-populated\">\n\t\t\t\t\t\t<div class=\"elementor-element elementor-element-0811a9a elementor-widget elementor-widget-text-editor\" data-id=\"0811a9a\" data-element_type=\"widget\" data-e-type=\"widget\" data-widget_type=\"text-editor.default\">\n\t\t\t\t<div class=\"elementor-widget-container\">\n\t\t\t\t\t\t\t\t\t<p>Le dossier du Minist\u00e8re de la culture : \u00ab\u00a0L&rsquo;\u00e9ducation artistique, cl\u00e9 de vo\u00fbte de l&rsquo;acc\u00e8s \u00e0 la culture\u00a0\u00bb\u00a0<\/p>\t\t\t\t\t\t\t\t<\/div>\n\t\t\t\t<\/div>\n\t\t\t\t\t<\/div>\n\t\t<\/div>\n\t\t\t\t<div class=\"elementor-column elementor-col-33 elementor-top-column elementor-element elementor-element-d9b2b0b\" data-id=\"d9b2b0b\" data-element_type=\"column\" data-e-type=\"column\">\n\t\t\t<div class=\"elementor-widget-wrap elementor-element-populated\">\n\t\t\t\t\t\t<div class=\"elementor-element elementor-element-14f5f09 elementor-widget elementor-widget-image\" data-id=\"14f5f09\" data-element_type=\"widget\" data-e-type=\"widget\" data-widget_type=\"image.default\">\n\t\t\t\t<div class=\"elementor-widget-container\">\n\t\t\t\t\t\t\t\t\t\t\t\t\t\t\t\t<a href=\"http:\/\/www.culture.gouv.fr\/Actualites\/Education-artistique-cle-de-voute-de-l-acces-a-la-cultur\" target=\"_blank\">\n\t\t\t\t\t\t\t<img fetchpriority=\"high\" decoding=\"async\" width=\"778\" height=\"360\" src=\"https:\/\/polychrome-edu.fr\/wp-content\/uploads\/2018\/10\/Capture-d\u2019\u00e9cran-2018-10-14-\u00e0-17.07.58.png\" class=\"attachment-large size-large wp-image-243\" alt=\"\" srcset=\"https:\/\/polychrome-edu.fr\/wp-content\/uploads\/2018\/10\/Capture-d\u2019\u00e9cran-2018-10-14-\u00e0-17.07.58.png 778w, https:\/\/polychrome-edu.fr\/wp-content\/uploads\/2018\/10\/Capture-d\u2019\u00e9cran-2018-10-14-\u00e0-17.07.58-300x139.png 300w, https:\/\/polychrome-edu.fr\/wp-content\/uploads\/2018\/10\/Capture-d\u2019\u00e9cran-2018-10-14-\u00e0-17.07.58-768x355.png 768w\" sizes=\"(max-width: 778px) 100vw, 778px\" \/>\t\t\t\t\t\t\t\t<\/a>\n\t\t\t\t\t\t\t\t\t\t\t\t\t\t\t<\/div>\n\t\t\t\t<\/div>\n\t\t\t\t\t<\/div>\n\t\t<\/div>\n\t\t\t\t\t<\/div>\n\t\t<\/section>\n\t\t\t\t<section class=\"elementor-section elementor-top-section elementor-element elementor-element-705b76b elementor-section-boxed elementor-section-height-default elementor-section-height-default\" data-id=\"705b76b\" data-element_type=\"section\" data-e-type=\"section\">\n\t\t\t\t\t\t<div class=\"elementor-container elementor-column-gap-default\">\n\t\t\t\t\t<div class=\"elementor-column elementor-col-66 elementor-top-column elementor-element elementor-element-20f5471\" data-id=\"20f5471\" data-element_type=\"column\" data-e-type=\"column\">\n\t\t\t<div class=\"elementor-widget-wrap elementor-element-populated\">\n\t\t\t\t\t\t<div class=\"elementor-element elementor-element-c2e5729 elementor-widget elementor-widget-text-editor\" data-id=\"c2e5729\" data-element_type=\"widget\" data-e-type=\"widget\" data-widget_type=\"text-editor.default\">\n\t\t\t\t<div class=\"elementor-widget-container\">\n\t\t\t\t\t\t\t\t\t<p>\u00ab\u00a0Carte des sp\u00e9cialit\u00e9s : les in\u00e9galit\u00e9s aggrav\u00e9es titre le <i><b>Caf\u00e9 p\u00e9dagogique<\/b><\/i> dans le rubrique <i><b>Expresso<\/b><\/i><\/p>\t\t\t\t\t\t\t\t<\/div>\n\t\t\t\t<\/div>\n\t\t\t\t\t<\/div>\n\t\t<\/div>\n\t\t\t\t<div class=\"elementor-column elementor-col-33 elementor-top-column elementor-element elementor-element-f7d8d1e\" data-id=\"f7d8d1e\" data-element_type=\"column\" data-e-type=\"column\">\n\t\t\t<div class=\"elementor-widget-wrap elementor-element-populated\">\n\t\t\t\t\t\t<div class=\"elementor-element elementor-element-160ceeb elementor-widget elementor-widget-image\" data-id=\"160ceeb\" data-element_type=\"widget\" data-e-type=\"widget\" data-widget_type=\"image.default\">\n\t\t\t\t<div class=\"elementor-widget-container\">\n\t\t\t\t\t\t\t\t\t\t\t\t\t\t\t\t<a href=\"http:\/\/www.cafepedagogique.net\/lexpresso\/Pages\/2018\/12\/18122018Article636807098733009409.aspx\" target=\"_blank\">\n\t\t\t\t\t\t\t<img decoding=\"async\" width=\"704\" height=\"462\" src=\"https:\/\/polychrome-edu.fr\/wp-content\/uploads\/2018\/12\/Capture-d\u2019\u00e9cran-2018-12-18-\u00e0-17.34.01.png\" class=\"attachment-large size-large wp-image-685\" alt=\"\" srcset=\"https:\/\/polychrome-edu.fr\/wp-content\/uploads\/2018\/12\/Capture-d\u2019\u00e9cran-2018-12-18-\u00e0-17.34.01.png 704w, https:\/\/polychrome-edu.fr\/wp-content\/uploads\/2018\/12\/Capture-d\u2019\u00e9cran-2018-12-18-\u00e0-17.34.01-300x197.png 300w\" sizes=\"(max-width: 704px) 100vw, 704px\" \/>\t\t\t\t\t\t\t\t<\/a>\n\t\t\t\t\t\t\t\t\t\t\t\t\t\t\t<\/div>\n\t\t\t\t<\/div>\n\t\t\t\t\t<\/div>\n\t\t<\/div>\n\t\t\t\t\t<\/div>\n\t\t<\/section>\n\t\t\t\t<section class=\"elementor-section elementor-top-section elementor-element elementor-element-6e1bd21 elementor-section-boxed elementor-section-height-default elementor-section-height-default\" data-id=\"6e1bd21\" data-element_type=\"section\" data-e-type=\"section\">\n\t\t\t\t\t\t<div class=\"elementor-container elementor-column-gap-default\">\n\t\t\t\t\t<div class=\"elementor-column elementor-col-66 elementor-top-column elementor-element elementor-element-b079e01\" data-id=\"b079e01\" data-element_type=\"column\" data-e-type=\"column\">\n\t\t\t<div class=\"elementor-widget-wrap elementor-element-populated\">\n\t\t\t\t\t\t<div class=\"elementor-element elementor-element-89f20a9 elementor-widget elementor-widget-text-editor\" data-id=\"89f20a9\" data-element_type=\"widget\" data-e-type=\"widget\" data-widget_type=\"text-editor.default\">\n\t\t\t\t<div class=\"elementor-widget-container\">\n\t\t\t\t\t\t\t\t\t<p>\u00ab\u00a0Mort programm\u00e9e des arts plastiques au lyc\u00e9e\u00a0\u00bb \u00a0titre le\u00a0<span style=\"font-style: italic;\"><span style=\"font-weight: bold;\">Caf\u00e9 p\u00e9dagogique<\/span><\/span>\u00a0dans le rubrique\u00a0<span style=\"font-style: italic;\"><span style=\"font-weight: bold;\">Expresso.\u00a0<\/span><\/span><\/p>\t\t\t\t\t\t\t\t<\/div>\n\t\t\t\t<\/div>\n\t\t\t\t\t<\/div>\n\t\t<\/div>\n\t\t\t\t<div class=\"elementor-column elementor-col-33 elementor-top-column elementor-element elementor-element-2faaf4d\" data-id=\"2faaf4d\" data-element_type=\"column\" data-e-type=\"column\">\n\t\t\t<div class=\"elementor-widget-wrap elementor-element-populated\">\n\t\t\t\t\t\t<div class=\"elementor-element elementor-element-11e959b elementor-widget elementor-widget-image\" data-id=\"11e959b\" data-element_type=\"widget\" data-e-type=\"widget\" data-widget_type=\"image.default\">\n\t\t\t\t<div class=\"elementor-widget-container\">\n\t\t\t\t\t\t\t\t\t\t\t\t\t\t\t\t<a href=\"http:\/\/titre%20le%20Caf\u00e9%20p\u00e9dagogique%20dans%20le%20rubrique%20Expresso\" target=\"_blank\">\n\t\t\t\t\t\t\t<img decoding=\"async\" width=\"708\" height=\"633\" src=\"https:\/\/polychrome-edu.fr\/wp-content\/uploads\/2018\/12\/Capture-d\u2019\u00e9cran-2018-12-18-\u00e0-17.46.47.png\" class=\"attachment-large size-large wp-image-687\" alt=\"\" srcset=\"https:\/\/polychrome-edu.fr\/wp-content\/uploads\/2018\/12\/Capture-d\u2019\u00e9cran-2018-12-18-\u00e0-17.46.47.png 708w, https:\/\/polychrome-edu.fr\/wp-content\/uploads\/2018\/12\/Capture-d\u2019\u00e9cran-2018-12-18-\u00e0-17.46.47-300x268.png 300w\" sizes=\"(max-width: 708px) 100vw, 708px\" \/>\t\t\t\t\t\t\t\t<\/a>\n\t\t\t\t\t\t\t\t\t\t\t\t\t\t\t<\/div>\n\t\t\t\t<\/div>\n\t\t\t\t\t<\/div>\n\t\t<\/div>\n\t\t\t\t\t<\/div>\n\t\t<\/section>\n\t\t\t\t<\/div>\n\t\t","protected":false},"excerpt":{"rendered":"<p>Liens, m\u00e9dias, ressources pour garder le contact avec l&rsquo;actualit\u00e9. Le dossier du Minist\u00e8re de la culture : \u00ab\u00a0L&rsquo;\u00e9ducation artistique, cl\u00e9 de vo\u00fbte de l&rsquo;acc\u00e8s \u00e0 la culture\u00a0\u00bb\u00a0 \u00ab\u00a0Carte des sp\u00e9cialit\u00e9s : les in\u00e9galit\u00e9s aggrav\u00e9es titre le Caf\u00e9 p\u00e9dagogique dans le rubrique Expresso \u00ab\u00a0Mort programm\u00e9e des arts plastiques au lyc\u00e9e\u00a0\u00bb \u00a0titre le\u00a0Caf\u00e9 p\u00e9dagogique\u00a0dans le rubrique\u00a0Expresso.\u00a0<\/p>\n","protected":false},"author":6,"featured_media":0,"parent":0,"menu_order":0,"comment_status":"closed","ping_status":"closed","template":"","meta":{"footnotes":""},"class_list":["post-185","page","type-page","status-publish","hentry"],"yoast_head":"<!-- This site is optimized with the Yoast SEO plugin v27.3 - https:\/\/yoast.com\/product\/yoast-seo-wordpress\/ -->\n<title>LIENS - Polychrome-edu<\/title>\n<meta name=\"robots\" content=\"index, follow, max-snippet:-1, max-image-preview:large, max-video-preview:-1\" \/>\n<link rel=\"canonical\" href=\"https:\/\/polychrome-edu.fr\/index.php\/liens\/\" \/>\n<meta property=\"og:locale\" content=\"fr_FR\" \/>\n<meta property=\"og:type\" content=\"article\" \/>\n<meta property=\"og:title\" content=\"LIENS - Polychrome-edu\" \/>\n<meta property=\"og:description\" content=\"Liens, m\u00e9dias, ressources pour garder le contact avec l&rsquo;actualit\u00e9. Le dossier du Minist\u00e8re de la culture : \u00ab\u00a0L&rsquo;\u00e9ducation artistique, cl\u00e9 de vo\u00fbte de l&rsquo;acc\u00e8s \u00e0 la culture\u00a0\u00bb\u00a0 \u00ab\u00a0Carte des sp\u00e9cialit\u00e9s : les in\u00e9galit\u00e9s aggrav\u00e9es titre le Caf\u00e9 p\u00e9dagogique dans le rubrique Expresso \u00ab\u00a0Mort programm\u00e9e des arts plastiques au lyc\u00e9e\u00a0\u00bb \u00a0titre le\u00a0Caf\u00e9 p\u00e9dagogique\u00a0dans le rubrique\u00a0Expresso.\u00a0\" \/>\n<meta property=\"og:url\" content=\"https:\/\/polychrome-edu.fr\/index.php\/liens\/\" \/>\n<meta property=\"og:site_name\" content=\"Polychrome-edu\" \/>\n<meta property=\"article:publisher\" content=\"https:\/\/www.facebook.com\/Polychrome-edufr-200275759992220\/\" \/>\n<meta property=\"article:modified_time\" content=\"2018-12-18T16:48:46+00:00\" \/>\n<meta name=\"twitter:card\" content=\"summary_large_image\" \/>\n<script type=\"application\/ld+json\" class=\"yoast-schema-graph\">{\"@context\":\"https:\\\/\\\/schema.org\",\"@graph\":[{\"@type\":\"WebPage\",\"@id\":\"https:\\\/\\\/polychrome-edu.fr\\\/index.php\\\/liens\\\/\",\"url\":\"https:\\\/\\\/polychrome-edu.fr\\\/index.php\\\/liens\\\/\",\"name\":\"LIENS - Polychrome-edu\",\"isPartOf\":{\"@id\":\"https:\\\/\\\/polychrome-edu.fr\\\/#website\"},\"datePublished\":\"2018-10-14T08:41:05+00:00\",\"dateModified\":\"2018-12-18T16:48:46+00:00\",\"breadcrumb\":{\"@id\":\"https:\\\/\\\/polychrome-edu.fr\\\/index.php\\\/liens\\\/#breadcrumb\"},\"inLanguage\":\"fr-FR\",\"potentialAction\":[{\"@type\":\"ReadAction\",\"target\":[\"https:\\\/\\\/polychrome-edu.fr\\\/index.php\\\/liens\\\/\"]}]},{\"@type\":\"BreadcrumbList\",\"@id\":\"https:\\\/\\\/polychrome-edu.fr\\\/index.php\\\/liens\\\/#breadcrumb\",\"itemListElement\":[{\"@type\":\"ListItem\",\"position\":1,\"name\":\"Accueil\",\"item\":\"https:\\\/\\\/polychrome-edu.fr\\\/\"},{\"@type\":\"ListItem\",\"position\":2,\"name\":\"LIENS\"}]},{\"@type\":\"WebSite\",\"@id\":\"https:\\\/\\\/polychrome-edu.fr\\\/#website\",\"url\":\"https:\\\/\\\/polychrome-edu.fr\\\/\",\"name\":\"Polychrome-edu\",\"description\":\"L&#039;Association nationale des professeurs d&#039;arts plastiques\",\"publisher\":{\"@id\":\"https:\\\/\\\/polychrome-edu.fr\\\/#organization\"},\"potentialAction\":[{\"@type\":\"SearchAction\",\"target\":{\"@type\":\"EntryPoint\",\"urlTemplate\":\"https:\\\/\\\/polychrome-edu.fr\\\/?s={search_term_string}\"},\"query-input\":{\"@type\":\"PropertyValueSpecification\",\"valueRequired\":true,\"valueName\":\"search_term_string\"}}],\"inLanguage\":\"fr-FR\"},{\"@type\":\"Organization\",\"@id\":\"https:\\\/\\\/polychrome-edu.fr\\\/#organization\",\"name\":\"Polychrome-edu\",\"url\":\"https:\\\/\\\/polychrome-edu.fr\\\/\",\"logo\":{\"@type\":\"ImageObject\",\"inLanguage\":\"fr-FR\",\"@id\":\"https:\\\/\\\/polychrome-edu.fr\\\/#\\\/schema\\\/logo\\\/image\\\/\",\"url\":\"https:\\\/\\\/polychrome-edu.fr\\\/wp-content\\\/uploads\\\/2018\\\/10\\\/cropped-LOGO-TEXTE-NOIR-e1540477061508.png\",\"contentUrl\":\"https:\\\/\\\/polychrome-edu.fr\\\/wp-content\\\/uploads\\\/2018\\\/10\\\/cropped-LOGO-TEXTE-NOIR-e1540477061508.png\",\"width\":744,\"height\":347,\"caption\":\"Polychrome-edu\"},\"image\":{\"@id\":\"https:\\\/\\\/polychrome-edu.fr\\\/#\\\/schema\\\/logo\\\/image\\\/\"},\"sameAs\":[\"https:\\\/\\\/www.facebook.com\\\/Polychrome-edufr-200275759992220\\\/\"]}]}<\/script>\n<!-- \/ Yoast SEO plugin. -->","yoast_head_json":{"title":"LIENS - Polychrome-edu","robots":{"index":"index","follow":"follow","max-snippet":"max-snippet:-1","max-image-preview":"max-image-preview:large","max-video-preview":"max-video-preview:-1"},"canonical":"https:\/\/polychrome-edu.fr\/index.php\/liens\/","og_locale":"fr_FR","og_type":"article","og_title":"LIENS - Polychrome-edu","og_description":"Liens, m\u00e9dias, ressources pour garder le contact avec l&rsquo;actualit\u00e9. Le dossier du Minist\u00e8re de la culture : \u00ab\u00a0L&rsquo;\u00e9ducation artistique, cl\u00e9 de vo\u00fbte de l&rsquo;acc\u00e8s \u00e0 la culture\u00a0\u00bb\u00a0 \u00ab\u00a0Carte des sp\u00e9cialit\u00e9s : les in\u00e9galit\u00e9s aggrav\u00e9es titre le Caf\u00e9 p\u00e9dagogique dans le rubrique Expresso \u00ab\u00a0Mort programm\u00e9e des arts plastiques au lyc\u00e9e\u00a0\u00bb \u00a0titre le\u00a0Caf\u00e9 p\u00e9dagogique\u00a0dans le rubrique\u00a0Expresso.\u00a0","og_url":"https:\/\/polychrome-edu.fr\/index.php\/liens\/","og_site_name":"Polychrome-edu","article_publisher":"https:\/\/www.facebook.com\/Polychrome-edufr-200275759992220\/","article_modified_time":"2018-12-18T16:48:46+00:00","twitter_card":"summary_large_image","schema":{"@context":"https:\/\/schema.org","@graph":[{"@type":"WebPage","@id":"https:\/\/polychrome-edu.fr\/index.php\/liens\/","url":"https:\/\/polychrome-edu.fr\/index.php\/liens\/","name":"LIENS - Polychrome-edu","isPartOf":{"@id":"https:\/\/polychrome-edu.fr\/#website"},"datePublished":"2018-10-14T08:41:05+00:00","dateModified":"2018-12-18T16:48:46+00:00","breadcrumb":{"@id":"https:\/\/polychrome-edu.fr\/index.php\/liens\/#breadcrumb"},"inLanguage":"fr-FR","potentialAction":[{"@type":"ReadAction","target":["https:\/\/polychrome-edu.fr\/index.php\/liens\/"]}]},{"@type":"BreadcrumbList","@id":"https:\/\/polychrome-edu.fr\/index.php\/liens\/#breadcrumb","itemListElement":[{"@type":"ListItem","position":1,"name":"Accueil","item":"https:\/\/polychrome-edu.fr\/"},{"@type":"ListItem","position":2,"name":"LIENS"}]},{"@type":"WebSite","@id":"https:\/\/polychrome-edu.fr\/#website","url":"https:\/\/polychrome-edu.fr\/","name":"Polychrome-edu","description":"L&#039;Association nationale des professeurs d&#039;arts plastiques","publisher":{"@id":"https:\/\/polychrome-edu.fr\/#organization"},"potentialAction":[{"@type":"SearchAction","target":{"@type":"EntryPoint","urlTemplate":"https:\/\/polychrome-edu.fr\/?s={search_term_string}"},"query-input":{"@type":"PropertyValueSpecification","valueRequired":true,"valueName":"search_term_string"}}],"inLanguage":"fr-FR"},{"@type":"Organization","@id":"https:\/\/polychrome-edu.fr\/#organization","name":"Polychrome-edu","url":"https:\/\/polychrome-edu.fr\/","logo":{"@type":"ImageObject","inLanguage":"fr-FR","@id":"https:\/\/polychrome-edu.fr\/#\/schema\/logo\/image\/","url":"https:\/\/polychrome-edu.fr\/wp-content\/uploads\/2018\/10\/cropped-LOGO-TEXTE-NOIR-e1540477061508.png","contentUrl":"https:\/\/polychrome-edu.fr\/wp-content\/uploads\/2018\/10\/cropped-LOGO-TEXTE-NOIR-e1540477061508.png","width":744,"height":347,"caption":"Polychrome-edu"},"image":{"@id":"https:\/\/polychrome-edu.fr\/#\/schema\/logo\/image\/"},"sameAs":["https:\/\/www.facebook.com\/Polychrome-edufr-200275759992220\/"]}]}},"_links":{"self":[{"href":"https:\/\/polychrome-edu.fr\/index.php\/wp-json\/wp\/v2\/pages\/185","targetHints":{"allow":["GET"]}}],"collection":[{"href":"https:\/\/polychrome-edu.fr\/index.php\/wp-json\/wp\/v2\/pages"}],"about":[{"href":"https:\/\/polychrome-edu.fr\/index.php\/wp-json\/wp\/v2\/types\/page"}],"author":[{"embeddable":true,"href":"https:\/\/polychrome-edu.fr\/index.php\/wp-json\/wp\/v2\/users\/6"}],"replies":[{"embeddable":true,"href":"https:\/\/polychrome-edu.fr\/index.php\/wp-json\/wp\/v2\/comments?post=185"}],"version-history":[{"count":7,"href":"https:\/\/polychrome-edu.fr\/index.php\/wp-json\/wp\/v2\/pages\/185\/revisions"}],"predecessor-version":[{"id":688,"href":"https:\/\/polychrome-edu.fr\/index.php\/wp-json\/wp\/v2\/pages\/185\/revisions\/688"}],"wp:attachment":[{"href":"https:\/\/polychrome-edu.fr\/index.php\/wp-json\/wp\/v2\/media?parent=185"}],"curies":[{"name":"wp","href":"https:\/\/api.w.org\/{rel}","templated":true}]}}