{"id":1345,"date":"2021-04-13T14:56:27","date_gmt":"2021-04-13T12:56:27","guid":{"rendered":"http:\/\/polychrome-edu.fr\/index.php\/newsletter\/"},"modified":"2022-06-20T23:23:45","modified_gmt":"2022-06-20T21:23:45","slug":"newsletter","status":"publish","type":"page","link":"https:\/\/polychrome-edu.fr\/index.php\/newsletter\/","title":{"rendered":"Suivre les actualit\u00e9s du site"},"content":{"rendered":"\n<hr class=\"wp-block-separator\"\/>\n\n\n\n<p class=\"has-text-align-center has-black-color has-text-color\"><strong>Inscrivez-vous \u00e0 notre newsletter ou info-lettre pour obtenir les actualit\u00e9s du site !<\/strong><\/p>\n\n\n<p><div class=\"tnp tnp-subscription \">\n<form method=\"post\" action=\"https:\/\/polychrome-edu.fr\/wp-admin\/admin-ajax.php?action=tnp&amp;na=s\">\n<input type=\"hidden\" name=\"nlang\" value=\"\">\n<div class=\"tnp-field tnp-field-firstname\"><label for=\"tnp-1\">Pr\u00e9nom <\/label>\n<input class=\"tnp-name\" type=\"text\" name=\"nn\" id=\"tnp-1\" value=\"\" placeholder=\"\" required><\/div>\n<div class=\"tnp-field tnp-field-surname\"><label for=\"tnp-2\">Nom de famille<\/label>\n<input class=\"tnp-surname\" type=\"text\" name=\"ns\" id=\"tnp-2\" value=\"\" placeholder=\"\" required><\/div><div class=\"tnp-field tnp-field-email\"><label for=\"tnp-3\">Email<\/label>\n<input class=\"tnp-email\" type=\"email\" name=\"ne\" id=\"tnp-3\" value=\"\" placeholder=\"\" required><\/div>\n<div class=\"tnp-field tnp-field-profile\"><label for=\"tnp-4\">Etablissement<\/label>\n<input class=\"tnp-profile tnp-profile-1\" id=\"tnp-profile_1\" type=\"text\" size=\"\" name=\"np1\" placeholder=\"Coll\u00e8ge \/ Lyc\u00e9e \/ Sup\u00e9rieur\" required><\/div>\n<div class=\"tnp-field tnp-field-profile\"><label for=\"tnp-5\">Acad\u00e9mie<\/label>\n<input class=\"tnp-profile tnp-profile-2\" id=\"tnp-profile_2\" type=\"text\" size=\"\" name=\"np2\" placeholder=\"\" required><\/div>\n<div class=\"tnp-field tnp-privacy-field\"><label><input type=\"checkbox\" name=\"ny\" required class=\"tnp-privacy\"> <a target=\"_blank\" href=\"https:\/\/polychrome-edu.fr\/index.php\/politique-de-confidentialite\/\">En continuant, vous acceptez la politique de confidentialit\u00e9<\/a><\/label><\/div><div class=\"tnp-field tnp-field-button\" style=\"text-align: left\"><input class=\"tnp-submit\" type=\"submit\" value=\"S&#039;abonner \u00e0 la newsletter du site.\" style=\"\">\n<\/div>\n<\/form>\n<\/div>\n<\/p>\n\n\n<p><\/p>\n","protected":false},"excerpt":{"rendered":"<p>Inscrivez-vous \u00e0 notre newsletter ou info-lettre pour obtenir les actualit\u00e9s du site !<\/p>\n","protected":false},"author":6,"featured_media":0,"parent":0,"menu_order":0,"comment_status":"closed","ping_status":"closed","template":"elementor_header_footer","meta":{"footnotes":""},"class_list":["post-1345","page","type-page","status-publish","hentry"],"yoast_head":"<!-- This site is optimized with the Yoast SEO plugin v27.4 - https:\/\/yoast.com\/product\/yoast-seo-wordpress\/ -->\n<title>Suivre les actualit\u00e9s du site - Polychrome-edu<\/title>\n<meta name=\"robots\" content=\"index, follow, max-snippet:-1, max-image-preview:large, max-video-preview:-1\" \/>\n<link rel=\"canonical\" href=\"https:\/\/polychrome-edu.fr\/index.php\/newsletter\/\" \/>\n<meta property=\"og:locale\" content=\"fr_FR\" \/>\n<meta property=\"og:type\" content=\"article\" \/>\n<meta property=\"og:title\" content=\"Suivre les actualit\u00e9s du site - Polychrome-edu\" \/>\n<meta property=\"og:description\" content=\"Inscrivez-vous \u00e0 notre newsletter ou info-lettre pour obtenir les actualit\u00e9s du site !\" \/>\n<meta property=\"og:url\" content=\"https:\/\/polychrome-edu.fr\/index.php\/newsletter\/\" \/>\n<meta property=\"og:site_name\" content=\"Polychrome-edu\" \/>\n<meta property=\"article:publisher\" content=\"https:\/\/www.facebook.com\/Polychrome-edufr-200275759992220\/\" \/>\n<meta property=\"article:modified_time\" content=\"2022-06-20T21:23:45+00:00\" \/>\n<meta name=\"twitter:card\" content=\"summary_large_image\" \/>\n<meta name=\"twitter:label1\" content=\"Dur\u00e9e de lecture estim\u00e9e\" \/>\n\t<meta name=\"twitter:data1\" content=\"1 minute\" \/>\n<script type=\"application\/ld+json\" class=\"yoast-schema-graph\">{\"@context\":\"https:\\\/\\\/schema.org\",\"@graph\":[{\"@type\":\"WebPage\",\"@id\":\"https:\\\/\\\/polychrome-edu.fr\\\/index.php\\\/newsletter\\\/\",\"url\":\"https:\\\/\\\/polychrome-edu.fr\\\/index.php\\\/newsletter\\\/\",\"name\":\"Suivre les actualit\u00e9s du site - Polychrome-edu\",\"isPartOf\":{\"@id\":\"https:\\\/\\\/polychrome-edu.fr\\\/#website\"},\"datePublished\":\"2021-04-13T12:56:27+00:00\",\"dateModified\":\"2022-06-20T21:23:45+00:00\",\"breadcrumb\":{\"@id\":\"https:\\\/\\\/polychrome-edu.fr\\\/index.php\\\/newsletter\\\/#breadcrumb\"},\"inLanguage\":\"fr-FR\",\"potentialAction\":[{\"@type\":\"ReadAction\",\"target\":[\"https:\\\/\\\/polychrome-edu.fr\\\/index.php\\\/newsletter\\\/\"]}]},{\"@type\":\"BreadcrumbList\",\"@id\":\"https:\\\/\\\/polychrome-edu.fr\\\/index.php\\\/newsletter\\\/#breadcrumb\",\"itemListElement\":[{\"@type\":\"ListItem\",\"position\":1,\"name\":\"Accueil\",\"item\":\"https:\\\/\\\/polychrome-edu.fr\\\/\"},{\"@type\":\"ListItem\",\"position\":2,\"name\":\"Suivre les actualit\u00e9s du site\"}]},{\"@type\":\"WebSite\",\"@id\":\"https:\\\/\\\/polychrome-edu.fr\\\/#website\",\"url\":\"https:\\\/\\\/polychrome-edu.fr\\\/\",\"name\":\"Polychrome-edu\",\"description\":\"L&#039;Association nationale des professeurs d&#039;arts plastiques\",\"publisher\":{\"@id\":\"https:\\\/\\\/polychrome-edu.fr\\\/#organization\"},\"potentialAction\":[{\"@type\":\"SearchAction\",\"target\":{\"@type\":\"EntryPoint\",\"urlTemplate\":\"https:\\\/\\\/polychrome-edu.fr\\\/?s={search_term_string}\"},\"query-input\":{\"@type\":\"PropertyValueSpecification\",\"valueRequired\":true,\"valueName\":\"search_term_string\"}}],\"inLanguage\":\"fr-FR\"},{\"@type\":\"Organization\",\"@id\":\"https:\\\/\\\/polychrome-edu.fr\\\/#organization\",\"name\":\"Polychrome-edu\",\"url\":\"https:\\\/\\\/polychrome-edu.fr\\\/\",\"logo\":{\"@type\":\"ImageObject\",\"inLanguage\":\"fr-FR\",\"@id\":\"https:\\\/\\\/polychrome-edu.fr\\\/#\\\/schema\\\/logo\\\/image\\\/\",\"url\":\"https:\\\/\\\/polychrome-edu.fr\\\/wp-content\\\/uploads\\\/2018\\\/10\\\/cropped-LOGO-TEXTE-NOIR-e1540477061508.png\",\"contentUrl\":\"https:\\\/\\\/polychrome-edu.fr\\\/wp-content\\\/uploads\\\/2018\\\/10\\\/cropped-LOGO-TEXTE-NOIR-e1540477061508.png\",\"width\":744,\"height\":347,\"caption\":\"Polychrome-edu\"},\"image\":{\"@id\":\"https:\\\/\\\/polychrome-edu.fr\\\/#\\\/schema\\\/logo\\\/image\\\/\"},\"sameAs\":[\"https:\\\/\\\/www.facebook.com\\\/Polychrome-edufr-200275759992220\\\/\"]}]}<\/script>\n<!-- \/ Yoast SEO plugin. -->","yoast_head_json":{"title":"Suivre les actualit\u00e9s du site - Polychrome-edu","robots":{"index":"index","follow":"follow","max-snippet":"max-snippet:-1","max-image-preview":"max-image-preview:large","max-video-preview":"max-video-preview:-1"},"canonical":"https:\/\/polychrome-edu.fr\/index.php\/newsletter\/","og_locale":"fr_FR","og_type":"article","og_title":"Suivre les actualit\u00e9s du site - Polychrome-edu","og_description":"Inscrivez-vous \u00e0 notre newsletter ou info-lettre pour obtenir les actualit\u00e9s du site !","og_url":"https:\/\/polychrome-edu.fr\/index.php\/newsletter\/","og_site_name":"Polychrome-edu","article_publisher":"https:\/\/www.facebook.com\/Polychrome-edufr-200275759992220\/","article_modified_time":"2022-06-20T21:23:45+00:00","twitter_card":"summary_large_image","twitter_misc":{"Dur\u00e9e de lecture estim\u00e9e":"1 minute"},"schema":{"@context":"https:\/\/schema.org","@graph":[{"@type":"WebPage","@id":"https:\/\/polychrome-edu.fr\/index.php\/newsletter\/","url":"https:\/\/polychrome-edu.fr\/index.php\/newsletter\/","name":"Suivre les actualit\u00e9s du site - Polychrome-edu","isPartOf":{"@id":"https:\/\/polychrome-edu.fr\/#website"},"datePublished":"2021-04-13T12:56:27+00:00","dateModified":"2022-06-20T21:23:45+00:00","breadcrumb":{"@id":"https:\/\/polychrome-edu.fr\/index.php\/newsletter\/#breadcrumb"},"inLanguage":"fr-FR","potentialAction":[{"@type":"ReadAction","target":["https:\/\/polychrome-edu.fr\/index.php\/newsletter\/"]}]},{"@type":"BreadcrumbList","@id":"https:\/\/polychrome-edu.fr\/index.php\/newsletter\/#breadcrumb","itemListElement":[{"@type":"ListItem","position":1,"name":"Accueil","item":"https:\/\/polychrome-edu.fr\/"},{"@type":"ListItem","position":2,"name":"Suivre les actualit\u00e9s du site"}]},{"@type":"WebSite","@id":"https:\/\/polychrome-edu.fr\/#website","url":"https:\/\/polychrome-edu.fr\/","name":"Polychrome-edu","description":"L&#039;Association nationale des professeurs d&#039;arts plastiques","publisher":{"@id":"https:\/\/polychrome-edu.fr\/#organization"},"potentialAction":[{"@type":"SearchAction","target":{"@type":"EntryPoint","urlTemplate":"https:\/\/polychrome-edu.fr\/?s={search_term_string}"},"query-input":{"@type":"PropertyValueSpecification","valueRequired":true,"valueName":"search_term_string"}}],"inLanguage":"fr-FR"},{"@type":"Organization","@id":"https:\/\/polychrome-edu.fr\/#organization","name":"Polychrome-edu","url":"https:\/\/polychrome-edu.fr\/","logo":{"@type":"ImageObject","inLanguage":"fr-FR","@id":"https:\/\/polychrome-edu.fr\/#\/schema\/logo\/image\/","url":"https:\/\/polychrome-edu.fr\/wp-content\/uploads\/2018\/10\/cropped-LOGO-TEXTE-NOIR-e1540477061508.png","contentUrl":"https:\/\/polychrome-edu.fr\/wp-content\/uploads\/2018\/10\/cropped-LOGO-TEXTE-NOIR-e1540477061508.png","width":744,"height":347,"caption":"Polychrome-edu"},"image":{"@id":"https:\/\/polychrome-edu.fr\/#\/schema\/logo\/image\/"},"sameAs":["https:\/\/www.facebook.com\/Polychrome-edufr-200275759992220\/"]}]}},"_links":{"self":[{"href":"https:\/\/polychrome-edu.fr\/index.php\/wp-json\/wp\/v2\/pages\/1345","targetHints":{"allow":["GET"]}}],"collection":[{"href":"https:\/\/polychrome-edu.fr\/index.php\/wp-json\/wp\/v2\/pages"}],"about":[{"href":"https:\/\/polychrome-edu.fr\/index.php\/wp-json\/wp\/v2\/types\/page"}],"author":[{"embeddable":true,"href":"https:\/\/polychrome-edu.fr\/index.php\/wp-json\/wp\/v2\/users\/6"}],"replies":[{"embeddable":true,"href":"https:\/\/polychrome-edu.fr\/index.php\/wp-json\/wp\/v2\/comments?post=1345"}],"version-history":[{"count":4,"href":"https:\/\/polychrome-edu.fr\/index.php\/wp-json\/wp\/v2\/pages\/1345\/revisions"}],"predecessor-version":[{"id":1661,"href":"https:\/\/polychrome-edu.fr\/index.php\/wp-json\/wp\/v2\/pages\/1345\/revisions\/1661"}],"wp:attachment":[{"href":"https:\/\/polychrome-edu.fr\/index.php\/wp-json\/wp\/v2\/media?parent=1345"}],"curies":[{"name":"wp","href":"https:\/\/api.w.org\/{rel}","templated":true}]}}